{"id":100,"date":"2023-05-06T10:30:16","date_gmt":"2023-05-06T10:30:16","guid":{"rendered":"https:\/\/cbds.montes.upm.es\/?page_id=100"},"modified":"2024-09-30T20:26:17","modified_gmt":"2024-09-30T20:26:17","slug":"cbds","status":"publish","type":"page","link":"https:\/\/cbds.montes.upm.es\/?page_id=100","title":{"rendered":"CBDS"},"content":{"rendered":"\t\t<div data-elementor-type=\"wp-page\" data-elementor-id=\"100\" class=\"elementor elementor-100\" data-elementor-post-type=\"page\">\n\t\t\t\t\t\t<section class=\"elementor-section elementor-top-section elementor-element elementor-element-b8655c5 elementor-section-boxed elementor-section-height-default elementor-section-height-default\" data-id=\"b8655c5\" data-element_type=\"section\" data-e-type=\"section\">\n\t\t\t\t\t\t<div class=\"elementor-container elementor-column-gap-default\">\n\t\t\t\t\t<div class=\"elementor-column elementor-col-100 elementor-top-column elementor-element elementor-element-aaafb39\" data-id=\"aaafb39\" data-element_type=\"column\" data-e-type=\"column\">\n\t\t\t<div class=\"elementor-widget-wrap elementor-element-populated\">\n\t\t\t\t\t\t<div class=\"elementor-element elementor-element-886b393 elementor-widget elementor-widget-heading\" data-id=\"886b393\" data-element_type=\"widget\" data-e-type=\"widget\" data-widget_type=\"heading.default\">\n\t\t\t\t<div class=\"elementor-widget-container\">\n\t\t\t\t\t<h2 class=\"elementor-heading-title elementor-size-default\">Centro de Conservaci\u00f3n de la Biodiversidad y el Desarrollo Sostenible <\/h2>\t\t\t\t<\/div>\n\t\t\t\t<\/div>\n\t\t\t\t\t<\/div>\n\t\t<\/div>\n\t\t\t\t\t<\/div>\n\t\t<\/section>\n\t\t\t\t<section class=\"elementor-section elementor-top-section elementor-element elementor-element-5a677bd elementor-section-boxed elementor-section-height-default elementor-section-height-default\" data-id=\"5a677bd\" data-element_type=\"section\" data-e-type=\"section\">\n\t\t\t\t\t\t<div class=\"elementor-container elementor-column-gap-default\">\n\t\t\t\t\t<div class=\"elementor-column elementor-col-25 elementor-top-column elementor-element elementor-element-60a8be6\" data-id=\"60a8be6\" data-element_type=\"column\" data-e-type=\"column\">\n\t\t\t<div class=\"elementor-widget-wrap elementor-element-populated\">\n\t\t\t\t\t\t<div class=\"elementor-element elementor-element-0f47e71 elementor-widget elementor-widget-image\" data-id=\"0f47e71\" data-element_type=\"widget\" data-e-type=\"widget\" data-widget_type=\"image.default\">\n\t\t\t\t<div class=\"elementor-widget-container\">\n\t\t\t\t\t\t\t\t\t\t\t\t\t\t\t\t<a href=\"https:\/\/cbds.montes.upm.es\/?page_id=446\">\n\t\t\t\t\t\t\t<img fetchpriority=\"high\" decoding=\"async\" width=\"800\" height=\"534\" src=\"https:\/\/cbds.montes.upm.es\/wp-content\/uploads\/2023\/07\/scott-graham-OQMZwNd3ThU-unsplash-1024x683.jpg\" class=\"attachment-large size-large wp-image-437\" alt=\"\" srcset=\"https:\/\/cbds.montes.upm.es\/wp-content\/uploads\/2023\/07\/scott-graham-OQMZwNd3ThU-unsplash-1024x683.jpg 1024w, https:\/\/cbds.montes.upm.es\/wp-content\/uploads\/2023\/07\/scott-graham-OQMZwNd3ThU-unsplash-300x200.jpg 300w, https:\/\/cbds.montes.upm.es\/wp-content\/uploads\/2023\/07\/scott-graham-OQMZwNd3ThU-unsplash-768x513.jpg 768w, https:\/\/cbds.montes.upm.es\/wp-content\/uploads\/2023\/07\/scott-graham-OQMZwNd3ThU-unsplash-1536x1025.jpg 1536w, https:\/\/cbds.montes.upm.es\/wp-content\/uploads\/2023\/07\/scott-graham-OQMZwNd3ThU-unsplash-2048x1367.jpg 2048w\" sizes=\"(max-width: 800px) 100vw, 800px\" \/>\t\t\t\t\t\t\t\t<\/a>\n\t\t\t\t\t\t\t\t\t\t\t\t\t\t\t<\/div>\n\t\t\t\t<\/div>\n\t\t\t\t<div class=\"elementor-element elementor-element-ef5407a elementor-widget elementor-widget-heading\" data-id=\"ef5407a\" data-element_type=\"widget\" data-e-type=\"widget\" data-widget_type=\"heading.default\">\n\t\t\t\t<div class=\"elementor-widget-container\">\n\t\t\t\t\t<h2 class=\"elementor-heading-title elementor-size-default\"><a href=\"https:\/\/cbds.montes.upm.es\/?page_id=446\">\u00d3RGANOS DE GESTI\u00d3N<\/a><\/h2>\t\t\t\t<\/div>\n\t\t\t\t<\/div>\n\t\t\t\t\t<\/div>\n\t\t<\/div>\n\t\t\t\t<div class=\"elementor-column elementor-col-25 elementor-top-column elementor-element elementor-element-0a924fc\" data-id=\"0a924fc\" data-element_type=\"column\" data-e-type=\"column\">\n\t\t\t<div class=\"elementor-widget-wrap elementor-element-populated\">\n\t\t\t\t\t\t<div class=\"elementor-element elementor-element-ebfe342 elementor-widget elementor-widget-image\" data-id=\"ebfe342\" data-element_type=\"widget\" data-e-type=\"widget\" data-widget_type=\"image.default\">\n\t\t\t\t<div class=\"elementor-widget-container\">\n\t\t\t\t\t\t\t\t\t\t\t\t\t\t\t\t<a href=\"https:\/\/cbds.montes.upm.es\/?page_id=164\">\n\t\t\t\t\t\t\t<img decoding=\"async\" width=\"800\" height=\"534\" src=\"https:\/\/cbds.montes.upm.es\/wp-content\/uploads\/2023\/07\/arlington-research-Kz8nHVg_tGI-unsplash-1024x683.jpg\" class=\"attachment-large size-large wp-image-434\" alt=\"\" srcset=\"https:\/\/cbds.montes.upm.es\/wp-content\/uploads\/2023\/07\/arlington-research-Kz8nHVg_tGI-unsplash-1024x683.jpg 1024w, https:\/\/cbds.montes.upm.es\/wp-content\/uploads\/2023\/07\/arlington-research-Kz8nHVg_tGI-unsplash-300x200.jpg 300w, https:\/\/cbds.montes.upm.es\/wp-content\/uploads\/2023\/07\/arlington-research-Kz8nHVg_tGI-unsplash-768x513.jpg 768w, https:\/\/cbds.montes.upm.es\/wp-content\/uploads\/2023\/07\/arlington-research-Kz8nHVg_tGI-unsplash-1536x1025.jpg 1536w, https:\/\/cbds.montes.upm.es\/wp-content\/uploads\/2023\/07\/arlington-research-Kz8nHVg_tGI-unsplash-2048x1367.jpg 2048w\" sizes=\"(max-width: 800px) 100vw, 800px\" \/>\t\t\t\t\t\t\t\t<\/a>\n\t\t\t\t\t\t\t\t\t\t\t\t\t\t\t<\/div>\n\t\t\t\t<\/div>\n\t\t\t\t<div class=\"elementor-element elementor-element-c8fd745 elementor-widget elementor-widget-heading\" data-id=\"c8fd745\" data-element_type=\"widget\" data-e-type=\"widget\" data-widget_type=\"heading.default\">\n\t\t\t\t<div class=\"elementor-widget-container\">\n\t\t\t\t\t<h2 class=\"elementor-heading-title elementor-size-default\"><a href=\"https:\/\/cbds.montes.upm.es\/?page_id=164\">PERSONAL<\/a><\/h2>\t\t\t\t<\/div>\n\t\t\t\t<\/div>\n\t\t\t\t\t<\/div>\n\t\t<\/div>\n\t\t\t\t<div class=\"elementor-column elementor-col-25 elementor-top-column elementor-element elementor-element-933d803\" data-id=\"933d803\" data-element_type=\"column\" data-e-type=\"column\">\n\t\t\t<div class=\"elementor-widget-wrap elementor-element-populated\">\n\t\t\t\t\t\t<div class=\"elementor-element elementor-element-9e7efe8 elementor-widget elementor-widget-image\" data-id=\"9e7efe8\" data-element_type=\"widget\" data-e-type=\"widget\" data-widget_type=\"image.default\">\n\t\t\t\t<div class=\"elementor-widget-container\">\n\t\t\t\t\t\t\t\t\t\t\t\t\t\t\t\t<a href=\"https:\/\/cbds.montes.upm.es\/?page_id=138\">\n\t\t\t\t\t\t\t<img decoding=\"async\" width=\"800\" height=\"534\" src=\"https:\/\/cbds.montes.upm.es\/wp-content\/uploads\/2023\/07\/paico-oficial-ZDYN7azwO6c-unsplash-1024x683.jpg\" class=\"attachment-large size-large wp-image-436\" alt=\"\" srcset=\"https:\/\/cbds.montes.upm.es\/wp-content\/uploads\/2023\/07\/paico-oficial-ZDYN7azwO6c-unsplash-1024x683.jpg 1024w, https:\/\/cbds.montes.upm.es\/wp-content\/uploads\/2023\/07\/paico-oficial-ZDYN7azwO6c-unsplash-300x200.jpg 300w, https:\/\/cbds.montes.upm.es\/wp-content\/uploads\/2023\/07\/paico-oficial-ZDYN7azwO6c-unsplash-768x512.jpg 768w, https:\/\/cbds.montes.upm.es\/wp-content\/uploads\/2023\/07\/paico-oficial-ZDYN7azwO6c-unsplash-1536x1024.jpg 1536w, https:\/\/cbds.montes.upm.es\/wp-content\/uploads\/2023\/07\/paico-oficial-ZDYN7azwO6c-unsplash-2048x1365.jpg 2048w\" sizes=\"(max-width: 800px) 100vw, 800px\" \/>\t\t\t\t\t\t\t\t<\/a>\n\t\t\t\t\t\t\t\t\t\t\t\t\t\t\t<\/div>\n\t\t\t\t<\/div>\n\t\t\t\t<div class=\"elementor-element elementor-element-18df5e2 elementor-widget elementor-widget-heading\" data-id=\"18df5e2\" data-element_type=\"widget\" data-e-type=\"widget\" data-widget_type=\"heading.default\">\n\t\t\t\t<div class=\"elementor-widget-container\">\n\t\t\t\t\t<h2 class=\"elementor-heading-title elementor-size-default\"><a href=\"https:\/\/cbds.montes.upm.es\/?page_id=138\">REGLAMENTO Y DOCUMENTACI\u00d3N<\/a><\/h2>\t\t\t\t<\/div>\n\t\t\t\t<\/div>\n\t\t\t\t\t<\/div>\n\t\t<\/div>\n\t\t\t\t<div class=\"elementor-column elementor-col-25 elementor-top-column elementor-element elementor-element-6c4ad49\" data-id=\"6c4ad49\" data-element_type=\"column\" data-e-type=\"column\">\n\t\t\t<div class=\"elementor-widget-wrap elementor-element-populated\">\n\t\t\t\t\t\t<div class=\"elementor-element elementor-element-8093d3b elementor-widget elementor-widget-image\" data-id=\"8093d3b\" data-element_type=\"widget\" data-e-type=\"widget\" data-widget_type=\"image.default\">\n\t\t\t\t<div class=\"elementor-widget-container\">\n\t\t\t\t\t\t\t\t\t\t\t\t\t\t\t\t<a href=\"https:\/\/cbds.montes.upm.es\/?page_id=693\">\n\t\t\t\t\t\t\t<img loading=\"lazy\" decoding=\"async\" width=\"800\" height=\"534\" src=\"https:\/\/cbds.montes.upm.es\/wp-content\/uploads\/2023\/07\/andrew-neel-cckf4TsHAuw-unsplash-1024x683.jpg\" class=\"attachment-large size-large wp-image-433\" alt=\"\" srcset=\"https:\/\/cbds.montes.upm.es\/wp-content\/uploads\/2023\/07\/andrew-neel-cckf4TsHAuw-unsplash-1024x683.jpg 1024w, https:\/\/cbds.montes.upm.es\/wp-content\/uploads\/2023\/07\/andrew-neel-cckf4TsHAuw-unsplash-300x200.jpg 300w, https:\/\/cbds.montes.upm.es\/wp-content\/uploads\/2023\/07\/andrew-neel-cckf4TsHAuw-unsplash-768x512.jpg 768w, https:\/\/cbds.montes.upm.es\/wp-content\/uploads\/2023\/07\/andrew-neel-cckf4TsHAuw-unsplash-1536x1024.jpg 1536w, https:\/\/cbds.montes.upm.es\/wp-content\/uploads\/2023\/07\/andrew-neel-cckf4TsHAuw-unsplash-2048x1365.jpg 2048w\" sizes=\"(max-width: 800px) 100vw, 800px\" \/>\t\t\t\t\t\t\t\t<\/a>\n\t\t\t\t\t\t\t\t\t\t\t\t\t\t\t<\/div>\n\t\t\t\t<\/div>\n\t\t\t\t<div class=\"elementor-element elementor-element-c2bfa05 elementor-widget elementor-widget-heading\" data-id=\"c2bfa05\" data-element_type=\"widget\" data-e-type=\"widget\" data-widget_type=\"heading.default\">\n\t\t\t\t<div class=\"elementor-widget-container\">\n\t\t\t\t\t<h2 class=\"elementor-heading-title elementor-size-default\"><a href=\"https:\/\/cbds.montes.upm.es\/?page_id=693\">MEMORIA ACTIVIDADES<\/a><\/h2>\t\t\t\t<\/div>\n\t\t\t\t<\/div>\n\t\t\t\t\t<\/div>\n\t\t<\/div>\n\t\t\t\t\t<\/div>\n\t\t<\/section>\n\t\t\t\t<section class=\"elementor-section elementor-top-section elementor-element elementor-element-67b1bfc elementor-section-boxed elementor-section-height-default elementor-section-height-default\" data-id=\"67b1bfc\" data-element_type=\"section\" data-e-type=\"section\">\n\t\t\t\t\t\t<div class=\"elementor-container elementor-column-gap-default\">\n\t\t\t\t\t<div class=\"elementor-column elementor-col-100 elementor-top-column elementor-element elementor-element-69a0b80\" data-id=\"69a0b80\" data-element_type=\"column\" data-e-type=\"column\">\n\t\t\t<div class=\"elementor-widget-wrap elementor-element-populated\">\n\t\t\t\t\t\t<div class=\"elementor-element elementor-element-90e7471 elementor-widget elementor-widget-text-editor\" data-id=\"90e7471\" data-element_type=\"widget\" data-e-type=\"widget\" data-widget_type=\"text-editor.default\">\n\t\t\t\t<div class=\"elementor-widget-container\">\n\t\t\t\t\t\t\t\t\t<p>El Centro de I+D+i para la Conservaci\u00f3n de la Biodiversidad y el Desarrollo Sostenible\u00a0(CBDS) nace como un Centro dedicado a la investigaci\u00f3n, desarrollo, innovaci\u00f3n, formaci\u00f3n y transferencia a organismos e instituciones p\u00fablicas y privadas, con el objetivo de promocionar, fomentar, potenciar y difundir la conservaci\u00f3n de la biodiversidad y el desarrollo sostenible.<\/p><p>Su fundaci\u00f3n surge a iniciativa de la Escuela T\u00e9cnica Superior de Ingenier\u00eda de Montes, Forestal y del Medio Natural, siendo su propulsor principal el Director de la misma, <strong>Don Luis Garc\u00eda Esteban. <\/strong>El proyecto fue posteriormente apoyado por <strong>70 profesores<\/strong> y <strong>9 Grupos de Investigaci\u00f3n<\/strong> consolidados, adscritos a dicha escuela:<\/p>\t\t\t\t\t\t\t\t<\/div>\n\t\t\t\t<\/div>\n\t\t\t\t<div class=\"elementor-element elementor-element-f2246f1 elementor-icon-list--layout-traditional elementor-list-item-link-full_width elementor-widget elementor-widget-icon-list\" data-id=\"f2246f1\" data-element_type=\"widget\" data-e-type=\"widget\" data-widget_type=\"icon-list.default\">\n\t\t\t\t<div class=\"elementor-widget-container\">\n\t\t\t\t\t\t\t<ul class=\"elementor-icon-list-items\">\n\t\t\t\t\t\t\t<li class=\"elementor-icon-list-item\">\n\t\t\t\t\t\t\t\t\t\t\t<span class=\"elementor-icon-list-icon\">\n\t\t\t\t\t\t\t<i aria-hidden=\"true\" class=\"fas fa-caret-right\"><\/i>\t\t\t\t\t\t<\/span>\n\t\t\t\t\t\t\t\t\t\t<span class=\"elementor-icon-list-text\">Construcci\u00f3n con Madera<\/span>\n\t\t\t\t\t\t\t\t\t<\/li>\n\t\t\t\t\t\t\t\t<li class=\"elementor-icon-list-item\">\n\t\t\t\t\t\t\t\t\t\t\t<span class=\"elementor-icon-list-icon\">\n\t\t\t\t\t\t\t<i aria-hidden=\"true\" class=\"fas fa-caret-right\"><\/i>\t\t\t\t\t\t<\/span>\n\t\t\t\t\t\t\t\t\t\t<span class=\"elementor-icon-list-text\">Defensa y Aprovechamiento del Medio Natural<\/span>\n\t\t\t\t\t\t\t\t\t<\/li>\n\t\t\t\t\t\t\t\t<li class=\"elementor-icon-list-item\">\n\t\t\t\t\t\t\t\t\t\t\t<span class=\"elementor-icon-list-icon\">\n\t\t\t\t\t\t\t<i aria-hidden=\"true\" class=\"fas fa-caret-right\"><\/i>\t\t\t\t\t\t<\/span>\n\t\t\t\t\t\t\t\t\t\t<span class=\"elementor-icon-list-text\">Ecolog\u00eda y Gesti\u00f3n Forestal Sostenible<\/span>\n\t\t\t\t\t\t\t\t\t<\/li>\n\t\t\t\t\t\t\t\t<li class=\"elementor-icon-list-item\">\n\t\t\t\t\t\t\t\t\t\t\t<span class=\"elementor-icon-list-icon\">\n\t\t\t\t\t\t\t<i aria-hidden=\"true\" class=\"fas fa-caret-right\"><\/i>\t\t\t\t\t\t<\/span>\n\t\t\t\t\t\t\t\t\t\t<span class=\"elementor-icon-list-text\">Econom\u00eda y Sostenibilidad del Medio Natural<\/span>\n\t\t\t\t\t\t\t\t\t<\/li>\n\t\t\t\t\t\t\t\t<li class=\"elementor-icon-list-item\">\n\t\t\t\t\t\t\t\t\t\t\t<span class=\"elementor-icon-list-icon\">\n\t\t\t\t\t\t\t<i aria-hidden=\"true\" class=\"fas fa-caret-right\"><\/i>\t\t\t\t\t\t<\/span>\n\t\t\t\t\t\t\t\t\t\t<span class=\"elementor-icon-list-text\">Hidrobiolog\u00eda<\/span>\n\t\t\t\t\t\t\t\t\t<\/li>\n\t\t\t\t\t\t\t\t<li class=\"elementor-icon-list-item\">\n\t\t\t\t\t\t\t\t\t\t\t<span class=\"elementor-icon-list-icon\">\n\t\t\t\t\t\t\t<i aria-hidden=\"true\" class=\"fas fa-caret-right\"><\/i>\t\t\t\t\t\t<\/span>\n\t\t\t\t\t\t\t\t\t\t<span class=\"elementor-icon-list-text\">Historia y Din\u00e1mica del Paisaje Vegetal<\/span>\n\t\t\t\t\t\t\t\t\t<\/li>\n\t\t\t\t\t\t\t\t<li class=\"elementor-icon-list-item\">\n\t\t\t\t\t\t\t\t\t\t\t<span class=\"elementor-icon-list-icon\">\n\t\t\t\t\t\t\t<i aria-hidden=\"true\" class=\"fas fa-caret-right\"><\/i>\t\t\t\t\t\t<\/span>\n\t\t\t\t\t\t\t\t\t\t<span class=\"elementor-icon-list-text\">Inventario y Gesti\u00f3n de Recursos Naturales<\/span>\n\t\t\t\t\t\t\t\t\t<\/li>\n\t\t\t\t\t\t\t\t<li class=\"elementor-icon-list-item\">\n\t\t\t\t\t\t\t\t\t\t\t<span class=\"elementor-icon-list-icon\">\n\t\t\t\t\t\t\t<i aria-hidden=\"true\" class=\"fas fa-caret-right\"><\/i>\t\t\t\t\t\t<\/span>\n\t\t\t\t\t\t\t\t\t\t<span class=\"elementor-icon-list-text\">Tecnolog\u00eda de la Madera y del Corcho<\/span>\n\t\t\t\t\t\t\t\t\t<\/li>\n\t\t\t\t\t\t\t\t<li class=\"elementor-icon-list-item\">\n\t\t\t\t\t\t\t\t\t\t\t<span class=\"elementor-icon-list-icon\">\n\t\t\t\t\t\t\t<i aria-hidden=\"true\" class=\"fas fa-caret-right\"><\/i>\t\t\t\t\t\t<\/span>\n\t\t\t\t\t\t\t\t\t\t<span class=\"elementor-icon-list-text\">Tecnolog\u00edas y M\u00e9todos para la Gesti\u00f3n Sostenible<\/span>\n\t\t\t\t\t\t\t\t\t<\/li>\n\t\t\t\t\t\t<\/ul>\n\t\t\t\t\t\t<\/div>\n\t\t\t\t<\/div>\n\t\t\t\t<div class=\"elementor-element elementor-element-4d66896 elementor-widget elementor-widget-text-editor\" data-id=\"4d66896\" data-element_type=\"widget\" data-e-type=\"widget\" data-widget_type=\"text-editor.default\">\n\t\t\t\t<div class=\"elementor-widget-container\">\n\t\t\t\t\t\t\t\t\t<p>Su ubicaci\u00f3n se encuentra en la propia Escuela T\u00e9cnica Superior de Ingenier\u00eda de Montes, Forestal y del Medio Natural.<\/p><p>Su finalidad \u00faltima, adem\u00e1s de la coordinaci\u00f3n de las investigaciones ya existentes, es el desarrollo de nuevas l\u00edneas de investigaci\u00f3n del m\u00e1s alto nivel por convergencia multidisciplinar. Para ello, se establecen los siguientes objetivos:<\/p>\t\t\t\t\t\t\t\t<\/div>\n\t\t\t\t<\/div>\n\t\t\t\t<div class=\"elementor-element elementor-element-cea1ddc elementor-icon-list--layout-traditional elementor-list-item-link-full_width elementor-widget elementor-widget-icon-list\" data-id=\"cea1ddc\" data-element_type=\"widget\" data-e-type=\"widget\" data-widget_type=\"icon-list.default\">\n\t\t\t\t<div class=\"elementor-widget-container\">\n\t\t\t\t\t\t\t<ul class=\"elementor-icon-list-items\">\n\t\t\t\t\t\t\t<li class=\"elementor-icon-list-item\">\n\t\t\t\t\t\t\t\t\t\t\t<span class=\"elementor-icon-list-icon\">\n\t\t\t\t\t\t\t<i aria-hidden=\"true\" class=\"far fa-dot-circle\"><\/i>\t\t\t\t\t\t<\/span>\n\t\t\t\t\t\t\t\t\t\t<span class=\"elementor-icon-list-text\">Promover, planificar y establecer objetivos de investigaci\u00f3n y desarrollo interdisciplinar relacionados con las aplicaciones de nuevos conceptos y tecnolog\u00edas, en <b>el \u00e1mbito de la conservaci\u00f3n de la biodiversidad y del desarrollo sostenible.<\/b><\/span>\n\t\t\t\t\t\t\t\t\t<\/li>\n\t\t\t\t\t\t\t\t<li class=\"elementor-icon-list-item\">\n\t\t\t\t\t\t\t\t\t\t\t<span class=\"elementor-icon-list-icon\">\n\t\t\t\t\t\t\t<i aria-hidden=\"true\" class=\"far fa-dot-circle\"><\/i>\t\t\t\t\t\t<\/span>\n\t\t\t\t\t\t\t\t\t\t<span class=\"elementor-icon-list-text\">Realizar actividades de investigaci\u00f3n, desarrollo y demostraci\u00f3n, por s\u00ed mismo o en colaboraci\u00f3n con otras entidades p\u00fablicas o privadas.<\/span>\n\t\t\t\t\t\t\t\t\t<\/li>\n\t\t\t\t\t\t\t\t<li class=\"elementor-icon-list-item\">\n\t\t\t\t\t\t\t\t\t\t\t<span class=\"elementor-icon-list-icon\">\n\t\t\t\t\t\t\t<i aria-hidden=\"true\" class=\"far fa-dot-circle\"><\/i>\t\t\t\t\t\t<\/span>\n\t\t\t\t\t\t\t\t\t\t<span class=\"elementor-icon-list-text\">Difundir y divulgar sus conocimientos y estudios con rigor y objetividad, mediante la publicaci\u00f3n de informes, art\u00edculos, etc., por propia iniciativa o en editoriales, revistas y otros medios de comunicaci\u00f3n, as\u00ed como a trav\u00e9s de contribuciones y presentaciones en conferencias, seminarios, congresos y reuniones nacionales e internacionales.<\/span>\n\t\t\t\t\t\t\t\t\t<\/li>\n\t\t\t\t\t\t\t\t<li class=\"elementor-icon-list-item\">\n\t\t\t\t\t\t\t\t\t\t\t<span class=\"elementor-icon-list-icon\">\n\t\t\t\t\t\t\t<i aria-hidden=\"true\" class=\"far fa-dot-circle\"><\/i>\t\t\t\t\t\t<\/span>\n\t\t\t\t\t\t\t\t\t\t<span class=\"elementor-icon-list-text\">Transferir e intercambiar informaci\u00f3n y resultados de sus trabajos con otras entidades p\u00fablicas o privadas.<\/span>\n\t\t\t\t\t\t\t\t\t<\/li>\n\t\t\t\t\t\t\t\t<li class=\"elementor-icon-list-item\">\n\t\t\t\t\t\t\t\t\t\t\t<span class=\"elementor-icon-list-icon\">\n\t\t\t\t\t\t\t<i aria-hidden=\"true\" class=\"far fa-dot-circle\"><\/i>\t\t\t\t\t\t<\/span>\n\t\t\t\t\t\t\t\t\t\t<span class=\"elementor-icon-list-text\">Realizar trabajos espec\u00edficos, compatibles con las actividades y l\u00edneas de investigaci\u00f3n del Centro.<\/span>\n\t\t\t\t\t\t\t\t\t<\/li>\n\t\t\t\t\t\t\t\t<li class=\"elementor-icon-list-item\">\n\t\t\t\t\t\t\t\t\t\t\t<span class=\"elementor-icon-list-icon\">\n\t\t\t\t\t\t\t<i aria-hidden=\"true\" class=\"far fa-dot-circle\"><\/i>\t\t\t\t\t\t<\/span>\n\t\t\t\t\t\t\t\t\t\t<span class=\"elementor-icon-list-text\">Asesorar a las empresas en temas de su especialidad.<\/span>\n\t\t\t\t\t\t\t\t\t<\/li>\n\t\t\t\t\t\t\t\t<li class=\"elementor-icon-list-item\">\n\t\t\t\t\t\t\t\t\t\t\t<span class=\"elementor-icon-list-icon\">\n\t\t\t\t\t\t\t<i aria-hidden=\"true\" class=\"far fa-dot-circle\"><\/i>\t\t\t\t\t\t<\/span>\n\t\t\t\t\t\t\t\t\t\t<span class=\"elementor-icon-list-text\">Asesorar a las Administraciones P\u00fablicas, en las \u00e1reas de especializaci\u00f3n del Centro, a trav\u00e9s de su participaci\u00f3n en las actividades de estudio e investigaci\u00f3n del mismo.<\/span>\n\t\t\t\t\t\t\t\t\t<\/li>\n\t\t\t\t\t\t\t\t<li class=\"elementor-icon-list-item\">\n\t\t\t\t\t\t\t\t\t\t\t<span class=\"elementor-icon-list-icon\">\n\t\t\t\t\t\t\t<i aria-hidden=\"true\" class=\"far fa-dot-circle\"><\/i>\t\t\t\t\t\t<\/span>\n\t\t\t\t\t\t\t\t\t\t<span class=\"elementor-icon-list-text\">Organizar e impartir cursos de especializaci\u00f3n y perfeccionamiento, seminarios, conferencias y otras actividades de an\u00e1loga naturaleza, en las \u00e1reas de su actividad investigadora.<\/span>\n\t\t\t\t\t\t\t\t\t<\/li>\n\t\t\t\t\t\t<\/ul>\n\t\t\t\t\t\t<\/div>\n\t\t\t\t<\/div>\n\t\t\t\t<div class=\"elementor-element elementor-element-7879551 elementor-widget elementor-widget-toggle\" data-id=\"7879551\" data-element_type=\"widget\" data-e-type=\"widget\" data-widget_type=\"toggle.default\">\n\t\t\t\t<div class=\"elementor-widget-container\">\n\t\t\t\t\t\t\t<div class=\"elementor-toggle\">\n\t\t\t\t\t\t\t<div class=\"elementor-toggle-item\">\n\t\t\t\t\t<div id=\"elementor-tab-title-1261\" class=\"elementor-tab-title\" data-tab=\"1\" role=\"button\" aria-controls=\"elementor-tab-content-1261\" aria-expanded=\"false\">\n\t\t\t\t\t\t\t\t\t\t\t\t<span class=\"elementor-toggle-icon elementor-toggle-icon-left\" aria-hidden=\"true\">\n\t\t\t\t\t\t\t\t\t\t\t\t\t\t\t<span class=\"elementor-toggle-icon-closed\"><i class=\"fas fa-caret-right\"><\/i><\/span>\n\t\t\t\t\t\t\t\t<span class=\"elementor-toggle-icon-opened\"><i class=\"elementor-toggle-icon-opened fas fa-caret-up\"><\/i><\/span>\n\t\t\t\t\t\t\t\t\t\t\t\t\t<\/span>\n\t\t\t\t\t\t\t\t\t\t\t\t<a class=\"elementor-toggle-title\" tabindex=\"0\">MISI\u00d3N<\/a>\n\t\t\t\t\t<\/div>\n\n\t\t\t\t\t<div id=\"elementor-tab-content-1261\" class=\"elementor-tab-content elementor-clearfix\" data-tab=\"1\" role=\"region\" aria-labelledby=\"elementor-tab-title-1261\"><p>Ser un polo de investigaci\u00f3n multidisciplinar en materia forestal y del medio natural, abordando sus dimensiones cient\u00edfica, econ\u00f3mica, social y medioambiental para aportar soluciones innovadoras a la sociedad.<\/p><p>El CBDS se cre\u00f3 con el objetivo de promover y fomentar la investigaci\u00f3n, posibilitando su transferencia directa a la sociedad. Se concibe, por tanto, como una plataforma para promover alianzas de cooperaci\u00f3n e interacci\u00f3n efectiva entre los diferentes agentes de cambio: administraciones p\u00fablicas (auton\u00f3micas, nacionales y europeas), empresas, profesionales y t\u00e9cnicos especializados, universidades y agentes sociales. Se concibe como un espacio en el que se promover\u00e1 de forma interactiva la investigaci\u00f3n b\u00e1sica, estrat\u00e9gica y aplicada, junto con la experiencia empresarial y social de los diferentes agentes, para obtener sinergias que redundar\u00e1n en claros beneficios sociales y econ\u00f3micos. En este sentido, \u201cel planeta sostenible\u201d y la \u201ceconom\u00eda circular\u201d se han convertido en dos de los principales paradigmas de la sociedad del siglo XXI. De hecho, la idea de un crecimiento ilimitado ya est\u00e1 superada, ya que no es viable en t\u00e9rminos reales porque no hay suficientes recursos energ\u00e9ticos y no hay capacidad para disponer de los residuos, ya que se han superado las capacidades de bioacumulaci\u00f3n de los ecosistemas.<\/p><\/div>\n\t\t\t\t<\/div>\n\t\t\t\t\t\t\t<div class=\"elementor-toggle-item\">\n\t\t\t\t\t<div id=\"elementor-tab-title-1262\" class=\"elementor-tab-title\" data-tab=\"2\" role=\"button\" aria-controls=\"elementor-tab-content-1262\" aria-expanded=\"false\">\n\t\t\t\t\t\t\t\t\t\t\t\t<span class=\"elementor-toggle-icon elementor-toggle-icon-left\" aria-hidden=\"true\">\n\t\t\t\t\t\t\t\t\t\t\t\t\t\t\t<span class=\"elementor-toggle-icon-closed\"><i class=\"fas fa-caret-right\"><\/i><\/span>\n\t\t\t\t\t\t\t\t<span class=\"elementor-toggle-icon-opened\"><i class=\"elementor-toggle-icon-opened fas fa-caret-up\"><\/i><\/span>\n\t\t\t\t\t\t\t\t\t\t\t\t\t<\/span>\n\t\t\t\t\t\t\t\t\t\t\t\t<a class=\"elementor-toggle-title\" tabindex=\"0\">VISI\u00d3N<\/a>\n\t\t\t\t\t<\/div>\n\n\t\t\t\t\t<div id=\"elementor-tab-content-1262\" class=\"elementor-tab-content elementor-clearfix\" data-tab=\"2\" role=\"region\" aria-labelledby=\"elementor-tab-title-1262\"><p>Convertirse en un Centro de referencia en investigaci\u00f3n e innovaci\u00f3n forestal y del medio natural, liderando la generaci\u00f3n de conocimiento y contribuyendo al desarrollo sostenible de la sociedad<\/p><p>La creaci\u00f3n del nuevo Centro de I+D+i para la Conservaci\u00f3n de la Biodiversidad y el Desarrollo Sostenible, en adelante CBDS, responde a un doble objetivo: por un lado, continuar con la investigaci\u00f3n de las principales l\u00edneas de investigaci\u00f3n de los grupos de investigaci\u00f3n de la escuela, y por otro, aportar soluciones al nuevo escenario al que se enfrenta la sociedad a escala global en la conservaci\u00f3n de la biodiversidad y el desarrollo sostenible. Las nuevas herramientas y tecnolog\u00edas disruptivas han abierto un nuevo escenario, que junto con la colaboraci\u00f3n de las unidades de I+D+i de las empresas del sector permitir\u00e1n afrontar los retos en conservaci\u00f3n de la biodiversidad, agua, energ\u00edas no contaminantes, ciudades sostenibles, cambio clim\u00e1tico y ecosistemas terrestres, entre otros.<\/p><\/div>\n\t\t\t\t<\/div>\n\t\t\t\t\t\t\t\t<\/div>\n\t\t\t\t\t\t<\/div>\n\t\t\t\t<\/div>\n\t\t\t\t\t<\/div>\n\t\t<\/div>\n\t\t\t\t\t<\/div>\n\t\t<\/section>\n\t\t\t\t<\/div>\n\t\t","protected":false},"excerpt":{"rendered":"<p>Centro de Conservaci\u00f3n de la Biodiversidad y el Desarrollo Sostenible \u00d3RGANOS DE GESTI\u00d3N PERSONAL REGLAMENTO Y DOCUMENTACI\u00d3N MEMORIA ACTIVIDADES El Centro de I+D+i para la Conservaci\u00f3n de la Biodiversidad y el Desarrollo Sostenible\u00a0(CBDS) nace como un Centro dedicado a la investigaci\u00f3n, desarrollo, innovaci\u00f3n, formaci\u00f3n y transferencia a organismos e instituciones p\u00fablicas y privadas, con el [&hellip;]<\/p>\n","protected":false},"author":1,"featured_media":0,"parent":0,"menu_order":0,"comment_status":"closed","ping_status":"closed","template":"","meta":{"footnotes":""},"class_list":["post-100","page","type-page","status-publish","hentry"],"_links":{"self":[{"href":"https:\/\/cbds.montes.upm.es\/index.php?rest_route=\/wp\/v2\/pages\/100","targetHints":{"allow":["GET"]}}],"collection":[{"href":"https:\/\/cbds.montes.upm.es\/index.php?rest_route=\/wp\/v2\/pages"}],"about":[{"href":"https:\/\/cbds.montes.upm.es\/index.php?rest_route=\/wp\/v2\/types\/page"}],"author":[{"embeddable":true,"href":"https:\/\/cbds.montes.upm.es\/index.php?rest_route=\/wp\/v2\/users\/1"}],"replies":[{"embeddable":true,"href":"https:\/\/cbds.montes.upm.es\/index.php?rest_route=%2Fwp%2Fv2%2Fcomments&post=100"}],"version-history":[{"count":52,"href":"https:\/\/cbds.montes.upm.es\/index.php?rest_route=\/wp\/v2\/pages\/100\/revisions"}],"predecessor-version":[{"id":1313,"href":"https:\/\/cbds.montes.upm.es\/index.php?rest_route=\/wp\/v2\/pages\/100\/revisions\/1313"}],"wp:attachment":[{"href":"https:\/\/cbds.montes.upm.es\/index.php?rest_route=%2Fwp%2Fv2%2Fmedia&parent=100"}],"curies":[{"name":"wp","href":"https:\/\/api.w.org\/{rel}","templated":true}]}}