{"id":1326,"date":"2024-10-17T20:27:09","date_gmt":"2024-10-17T20:27:09","guid":{"rendered":"https:\/\/cbds.montes.upm.es\/?page_id=1326"},"modified":"2025-03-14T11:54:42","modified_gmt":"2025-03-14T11:54:42","slug":"laboratorio-industrias-productos-forestales","status":"publish","type":"page","link":"https:\/\/cbds.montes.upm.es\/?page_id=1326","title":{"rendered":"Laboratorio Industrias Productos Forestales"},"content":{"rendered":"\t\t<div data-elementor-type=\"wp-page\" data-elementor-id=\"1326\" class=\"elementor elementor-1326\" data-elementor-post-type=\"page\">\n\t\t\t\t\t\t<section class=\"elementor-section elementor-top-section elementor-element elementor-element-b8655c5 elementor-section-boxed elementor-section-height-default elementor-section-height-default\" data-id=\"b8655c5\" data-element_type=\"section\" data-e-type=\"section\">\n\t\t\t\t\t\t<div class=\"elementor-container elementor-column-gap-default\">\n\t\t\t\t\t<div class=\"elementor-column elementor-col-100 elementor-top-column elementor-element elementor-element-aaafb39\" data-id=\"aaafb39\" data-element_type=\"column\" data-e-type=\"column\">\n\t\t\t<div class=\"elementor-widget-wrap elementor-element-populated\">\n\t\t\t\t\t\t<div class=\"elementor-element elementor-element-886b393 elementor-widget elementor-widget-heading\" data-id=\"886b393\" data-element_type=\"widget\" data-e-type=\"widget\" data-widget_type=\"heading.default\">\n\t\t\t\t<div class=\"elementor-widget-container\">\n\t\t\t\t\t<h2 class=\"elementor-heading-title elementor-size-default\">Laboratorio de Industrias de los Productos Forestales<\/h2>\t\t\t\t<\/div>\n\t\t\t\t<\/div>\n\t\t\t\t\t<\/div>\n\t\t<\/div>\n\t\t\t\t\t<\/div>\n\t\t<\/section>\n\t\t\t\t<section class=\"elementor-section elementor-top-section elementor-element elementor-element-67b1bfc elementor-section-boxed elementor-section-height-default elementor-section-height-default\" data-id=\"67b1bfc\" data-element_type=\"section\" data-e-type=\"section\">\n\t\t\t\t\t\t<div class=\"elementor-container elementor-column-gap-default\">\n\t\t\t\t\t<div class=\"elementor-column elementor-col-100 elementor-top-column elementor-element elementor-element-69a0b80\" data-id=\"69a0b80\" data-element_type=\"column\" data-e-type=\"column\">\n\t\t\t<div class=\"elementor-widget-wrap elementor-element-populated\">\n\t\t\t\t\t\t<div class=\"elementor-element elementor-element-37457a9 elementor-arrows-position-inside elementor-widget elementor-widget-image-carousel\" data-id=\"37457a9\" data-element_type=\"widget\" data-e-type=\"widget\" data-settings=\"{&quot;navigation&quot;:&quot;arrows&quot;,&quot;pause_on_hover&quot;:&quot;no&quot;,&quot;pause_on_interaction&quot;:&quot;no&quot;,&quot;autoplay&quot;:&quot;yes&quot;,&quot;autoplay_speed&quot;:5000,&quot;infinite&quot;:&quot;yes&quot;,&quot;speed&quot;:500}\" data-widget_type=\"image-carousel.default\">\n\t\t\t\t<div class=\"elementor-widget-container\">\n\t\t\t\t\t\t\t<div class=\"elementor-image-carousel-wrapper swiper\" role=\"region\" aria-roledescription=\"carousel\" aria-label=\"Carrusel de im\u00e1genes\" dir=\"ltr\">\n\t\t\t<div class=\"elementor-image-carousel swiper-wrapper\" aria-live=\"off\">\n\t\t\t\t\t\t\t\t<div class=\"swiper-slide\" role=\"group\" aria-roledescription=\"slide\" aria-label=\"1 de 11\"><figure class=\"swiper-slide-inner\"><img decoding=\"async\" class=\"swiper-slide-image\" src=\"https:\/\/cbds.montes.upm.es\/wp-content\/uploads\/elementor\/thumbs\/Imagen-de-WhatsApp-2025-03-14-a-las-12.38.00_9abd2157-r2uhb9gl558agffogr5uvfmewcq7a9ivgiciw47osk.jpg\" alt=\"Imagen de WhatsApp 2025-03-14 a las 12.38.00_9abd2157\" \/><\/figure><\/div><div class=\"swiper-slide\" role=\"group\" aria-roledescription=\"slide\" aria-label=\"2 de 11\"><figure class=\"swiper-slide-inner\"><img decoding=\"async\" class=\"swiper-slide-image\" src=\"https:\/\/cbds.montes.upm.es\/wp-content\/uploads\/elementor\/thumbs\/IMG-20250314-WA0004-r2uhbaefbz9ks1ebb9khfxdvhqlkhymlsn00de6amc.jpg\" alt=\"IMG-20250314-WA0004\" \/><\/figure><\/div><div class=\"swiper-slide\" role=\"group\" aria-roledescription=\"slide\" aria-label=\"3 de 11\"><figure class=\"swiper-slide-inner\"><img decoding=\"async\" class=\"swiper-slide-image\" src=\"https:\/\/cbds.montes.upm.es\/wp-content\/uploads\/elementor\/thumbs\/IMG-20250314-WA0005-r2uhbaefbz9ks1ebb9khfxdvhqlkhymlsn00de6amc.jpg\" alt=\"IMG-20250314-WA0005\" \/><\/figure><\/div><div class=\"swiper-slide\" role=\"group\" aria-roledescription=\"slide\" aria-label=\"4 de 11\"><figure class=\"swiper-slide-inner\"><img decoding=\"async\" class=\"swiper-slide-image\" src=\"https:\/\/cbds.montes.upm.es\/wp-content\/uploads\/elementor\/thumbs\/IMG-20250314-WA0006-r2uhbbc9itav3ncy5rz40f5c34gxpnqc4rnhuo4wg4.jpg\" alt=\"IMG-20250314-WA0006\" \/><\/figure><\/div><div class=\"swiper-slide\" role=\"group\" aria-roledescription=\"slide\" aria-label=\"5 de 11\"><figure class=\"swiper-slide-inner\"><img decoding=\"async\" class=\"swiper-slide-image\" src=\"https:\/\/cbds.montes.upm.es\/wp-content\/uploads\/elementor\/thumbs\/IMG-20250314-WA0007-r2uhbbc9itav3ncy5rz40f5c34gxpnqc4rnhuo4wg4.jpg\" alt=\"IMG-20250314-WA0007\" \/><\/figure><\/div><div class=\"swiper-slide\" role=\"group\" aria-roledescription=\"slide\" aria-label=\"6 de 11\"><figure class=\"swiper-slide-inner\"><img decoding=\"async\" class=\"swiper-slide-image\" src=\"https:\/\/cbds.montes.upm.es\/wp-content\/uploads\/elementor\/thumbs\/IMG-20250314-WA0009-r2uhbca3pnc5f9bl0adqkwwsoicaxcu2gwazby3i9w.jpg\" alt=\"IMG-20250314-WA0009\" \/><\/figure><\/div><div class=\"swiper-slide\" role=\"group\" aria-roledescription=\"slide\" aria-label=\"7 de 11\"><figure class=\"swiper-slide-inner\"><img decoding=\"async\" class=\"swiper-slide-image\" src=\"https:\/\/cbds.montes.upm.es\/wp-content\/uploads\/elementor\/thumbs\/IMG-20250314-WA0010-r2uhbd7xwhdfqva7ussd5eo99w7o51xst0ygt8243o.jpg\" alt=\"IMG-20250314-WA0010\" \/><\/figure><\/div><div class=\"swiper-slide\" role=\"group\" aria-roledescription=\"slide\" aria-label=\"8 de 11\"><figure class=\"swiper-slide-inner\"><img decoding=\"async\" class=\"swiper-slide-image\" src=\"https:\/\/cbds.montes.upm.es\/wp-content\/uploads\/elementor\/thumbs\/IMG-20250314-WA0011-r2uhbd7xwhdfqva7ussd5eo99w7o51xst0ygt8243o.jpg\" alt=\"IMG-20250314-WA0011\" \/><\/figure><\/div><div class=\"swiper-slide\" role=\"group\" aria-roledescription=\"slide\" aria-label=\"9 de 11\"><figure class=\"swiper-slide-inner\"><img decoding=\"async\" class=\"swiper-slide-image\" src=\"https:\/\/cbds.montes.upm.es\/wp-content\/uploads\/elementor\/thumbs\/IMG-20250314-WA0012-r2uhbe5s3beq2h8upb6zpwfpva31cr1j55lyai0pxg.jpg\" alt=\"IMG-20250314-WA0012\" \/><\/figure><\/div><div class=\"swiper-slide\" role=\"group\" aria-roledescription=\"slide\" aria-label=\"10 de 11\"><figure class=\"swiper-slide-inner\"><img decoding=\"async\" class=\"swiper-slide-image\" src=\"https:\/\/cbds.montes.upm.es\/wp-content\/uploads\/elementor\/thumbs\/IMG-20250314-WA0013-r2uhbe5s3beq2h8upb6zpwfpva31cr1j55lyai0pxg.jpg\" alt=\"IMG-20250314-WA0013\" \/><\/figure><\/div><div class=\"swiper-slide\" role=\"group\" aria-roledescription=\"slide\" aria-label=\"11 de 11\"><figure class=\"swiper-slide-inner\"><img decoding=\"async\" class=\"swiper-slide-image\" src=\"https:\/\/cbds.montes.upm.es\/wp-content\/uploads\/elementor\/thumbs\/IMG-20250314-WA0014-r2uhbf3ma5g0e37hjtlmae76gnyekg59ha9frrzbr8.jpg\" alt=\"IMG-20250314-WA0014\" \/><\/figure><\/div>\t\t\t<\/div>\n\t\t\t\t\t\t\t\t\t\t\t\t<div class=\"elementor-swiper-button elementor-swiper-button-prev\" role=\"button\" tabindex=\"0\">\n\t\t\t\t\t\t<i aria-hidden=\"true\" class=\"eicon-chevron-left\"><\/i>\t\t\t\t\t<\/div>\n\t\t\t\t\t<div class=\"elementor-swiper-button elementor-swiper-button-next\" role=\"button\" tabindex=\"0\">\n\t\t\t\t\t\t<i aria-hidden=\"true\" class=\"eicon-chevron-right\"><\/i>\t\t\t\t\t<\/div>\n\t\t\t\t\n\t\t\t\t\t\t\t\t\t<\/div>\n\t\t\t\t\t\t<\/div>\n\t\t\t\t<\/div>\n\t\t\t\t<div class=\"elementor-element elementor-element-90e7471 elementor-widget elementor-widget-text-editor\" data-id=\"90e7471\" data-element_type=\"widget\" data-e-type=\"widget\" data-widget_type=\"text-editor.default\">\n\t\t\t\t<div class=\"elementor-widget-container\">\n\t\t\t\t\t\t\t\t\t<p class=\"paragraph_style_3\">Contamos con un espacio de trabajo de unos 80 metros cuadrados repartidos en dos zonas, un laboratorio y un taller. En dichos espacios se dispone de equipos para la caracterizaci\u00f3n de madera y derivados, as\u00ed como de corcho.<\/p><p class=\"paragraph_style_3\">&#8211; Equipos diversos de metodolog\u00edas no destructivas como higr\u00f3metros de diferentes tipolog\u00edas, equipos de propagaci\u00f3n de ondas de ultrasonido o impacto, penetr\u00f3metros, equipos de arranque de tirafondos, estimaci\u00f3n de densidad mediante taladro, resist\u00f3grafo, etc. <br \/>&#8211; Equipos para la determinaci\u00f3n de propiedades f\u00edsicas y mec\u00e1nicas de madera y derivados, balanzas de precisi\u00f3n, estufas, c\u00e1mara clim\u00e1tica, m\u00e1quina universal de ensayos, calibres y micr\u00f3metros, etc.<br \/>&#8211; Equipos para la identificaci\u00f3n de maderas y patolog\u00edas, microscopios y lupas binoculares, lupas port\u00e1tiles, equipos de biometr\u00eda, etc. Tambi\u00e9n disponemos de herramientas el\u00e9ctricas b\u00e1sicas de carpinter\u00eda y bricolaje, taladros, lijadoras, cepillos, sierras de calar y circulares, etc.<\/p>\t\t\t\t\t\t\t\t<\/div>\n\t\t\t\t<\/div>\n\t\t\t\t\t<\/div>\n\t\t<\/div>\n\t\t\t\t\t<\/div>\n\t\t<\/section>\n\t\t\t\t<\/div>\n\t\t","protected":false},"excerpt":{"rendered":"<p>Laboratorio de Industrias de los Productos Forestales Contamos con un espacio de trabajo de unos 80 metros cuadrados repartidos en dos zonas, un laboratorio y un taller. En dichos espacios se dispone de equipos para la caracterizaci\u00f3n de madera y derivados, as\u00ed como de corcho. &#8211; Equipos diversos de metodolog\u00edas no destructivas como higr\u00f3metros de [&hellip;]<\/p>\n","protected":false},"author":1,"featured_media":0,"parent":0,"menu_order":0,"comment_status":"closed","ping_status":"closed","template":"","meta":{"footnotes":""},"class_list":["post-1326","page","type-page","status-publish","hentry"],"_links":{"self":[{"href":"https:\/\/cbds.montes.upm.es\/index.php?rest_route=\/wp\/v2\/pages\/1326","targetHints":{"allow":["GET"]}}],"collection":[{"href":"https:\/\/cbds.montes.upm.es\/index.php?rest_route=\/wp\/v2\/pages"}],"about":[{"href":"https:\/\/cbds.montes.upm.es\/index.php?rest_route=\/wp\/v2\/types\/page"}],"author":[{"embeddable":true,"href":"https:\/\/cbds.montes.upm.es\/index.php?rest_route=\/wp\/v2\/users\/1"}],"replies":[{"embeddable":true,"href":"https:\/\/cbds.montes.upm.es\/index.php?rest_route=%2Fwp%2Fv2%2Fcomments&post=1326"}],"version-history":[{"count":16,"href":"https:\/\/cbds.montes.upm.es\/index.php?rest_route=\/wp\/v2\/pages\/1326\/revisions"}],"predecessor-version":[{"id":1777,"href":"https:\/\/cbds.montes.upm.es\/index.php?rest_route=\/wp\/v2\/pages\/1326\/revisions\/1777"}],"wp:attachment":[{"href":"https:\/\/cbds.montes.upm.es\/index.php?rest_route=%2Fwp%2Fv2%2Fmedia&parent=1326"}],"curies":[{"name":"wp","href":"https:\/\/api.w.org\/{rel}","templated":true}]}}