{"id":164,"date":"2023-07-04T20:38:30","date_gmt":"2023-07-04T20:38:30","guid":{"rendered":"https:\/\/cbds.montes.upm.es\/?page_id=164"},"modified":"2025-11-21T08:38:59","modified_gmt":"2025-11-21T08:38:59","slug":"personal","status":"publish","type":"page","link":"https:\/\/cbds.montes.upm.es\/?page_id=164","title":{"rendered":"Personal"},"content":{"rendered":"\t\t<div data-elementor-type=\"wp-page\" data-elementor-id=\"164\" class=\"elementor elementor-164\" data-elementor-post-type=\"page\">\n\t\t\t\t\t\t<section class=\"elementor-section elementor-top-section elementor-element elementor-element-97bfff1 elementor-section-boxed elementor-section-height-default elementor-section-height-default\" data-id=\"97bfff1\" data-element_type=\"section\" data-e-type=\"section\">\n\t\t\t\t\t\t<div class=\"elementor-container elementor-column-gap-default\">\n\t\t\t\t\t<div class=\"elementor-column elementor-col-100 elementor-top-column elementor-element elementor-element-1339d29f\" data-id=\"1339d29f\" data-element_type=\"column\" data-e-type=\"column\">\n\t\t\t<div class=\"elementor-widget-wrap elementor-element-populated\">\n\t\t\t\t\t\t<div class=\"elementor-element elementor-element-71f38598 elementor-widget elementor-widget-heading\" data-id=\"71f38598\" data-element_type=\"widget\" data-e-type=\"widget\" data-widget_type=\"heading.default\">\n\t\t\t\t<div class=\"elementor-widget-container\">\n\t\t\t\t\t<h2 class=\"elementor-heading-title elementor-size-default\">Personal<\/h2>\t\t\t\t<\/div>\n\t\t\t\t<\/div>\n\t\t\t\t\t<\/div>\n\t\t<\/div>\n\t\t\t\t\t<\/div>\n\t\t<\/section>\n\t\t\t\t<section class=\"elementor-section elementor-top-section elementor-element elementor-element-2d806512 elementor-section-boxed elementor-section-height-default elementor-section-height-default\" data-id=\"2d806512\" data-element_type=\"section\" data-e-type=\"section\">\n\t\t\t\t\t\t<div class=\"elementor-container elementor-column-gap-default\">\n\t\t\t\t\t<div class=\"elementor-column elementor-col-100 elementor-top-column elementor-element elementor-element-4b9fd6b5\" data-id=\"4b9fd6b5\" data-element_type=\"column\" data-e-type=\"column\">\n\t\t\t<div class=\"elementor-widget-wrap elementor-element-populated\">\n\t\t\t\t\t\t<div class=\"elementor-element elementor-element-2b87bb7 elementor-widget elementor-widget-heading\" data-id=\"2b87bb7\" data-element_type=\"widget\" data-e-type=\"widget\" data-widget_type=\"heading.default\">\n\t\t\t\t<div class=\"elementor-widget-container\">\n\t\t\t\t\t<h2 class=\"elementor-heading-title elementor-size-default\">Listado de Investigadores del CBDS<\/h2>\t\t\t\t<\/div>\n\t\t\t\t<\/div>\n\t\t\t\t<div class=\"elementor-element elementor-element-59e34901 elementor-tabs-view-horizontal elementor-widget elementor-widget-tabs\" data-id=\"59e34901\" data-element_type=\"widget\" data-e-type=\"widget\" data-widget_type=\"tabs.default\">\n\t\t\t\t<div class=\"elementor-widget-container\">\n\t\t\t\t\t\t\t<div class=\"elementor-tabs\">\n\t\t\t<div class=\"elementor-tabs-wrapper\" role=\"tablist\" >\n\t\t\t\t\t\t\t\t\t<div id=\"elementor-tab-title-1501\" class=\"elementor-tab-title elementor-tab-desktop-title\" aria-selected=\"true\" data-tab=\"1\" role=\"tab\" tabindex=\"0\" aria-controls=\"elementor-tab-content-1501\" aria-expanded=\"false\">A - D<\/div>\n\t\t\t\t\t\t\t\t\t<div id=\"elementor-tab-title-1502\" class=\"elementor-tab-title elementor-tab-desktop-title\" aria-selected=\"false\" data-tab=\"2\" role=\"tab\" tabindex=\"-1\" aria-controls=\"elementor-tab-content-1502\" aria-expanded=\"false\">E - H<\/div>\n\t\t\t\t\t\t\t\t\t<div id=\"elementor-tab-title-1503\" class=\"elementor-tab-title elementor-tab-desktop-title\" aria-selected=\"false\" data-tab=\"3\" role=\"tab\" tabindex=\"-1\" aria-controls=\"elementor-tab-content-1503\" aria-expanded=\"false\">I - L<\/div>\n\t\t\t\t\t\t\t\t\t<div id=\"elementor-tab-title-1504\" class=\"elementor-tab-title elementor-tab-desktop-title\" aria-selected=\"false\" data-tab=\"4\" role=\"tab\" tabindex=\"-1\" aria-controls=\"elementor-tab-content-1504\" aria-expanded=\"false\">M - O<\/div>\n\t\t\t\t\t\t\t\t\t<div id=\"elementor-tab-title-1505\" class=\"elementor-tab-title elementor-tab-desktop-title\" aria-selected=\"false\" data-tab=\"5\" role=\"tab\" tabindex=\"-1\" aria-controls=\"elementor-tab-content-1505\" aria-expanded=\"false\">P - S<\/div>\n\t\t\t\t\t\t\t\t\t<div id=\"elementor-tab-title-1506\" class=\"elementor-tab-title elementor-tab-desktop-title\" aria-selected=\"false\" data-tab=\"6\" role=\"tab\" tabindex=\"-1\" aria-controls=\"elementor-tab-content-1506\" aria-expanded=\"false\">T - W<\/div>\n\t\t\t\t\t\t\t\t\t<div id=\"elementor-tab-title-1507\" class=\"elementor-tab-title elementor-tab-desktop-title\" aria-selected=\"false\" data-tab=\"7\" role=\"tab\" tabindex=\"-1\" aria-controls=\"elementor-tab-content-1507\" aria-expanded=\"false\">X - Z<\/div>\n\t\t\t\t\t\t\t<\/div>\n\t\t\t<div class=\"elementor-tabs-content-wrapper\" role=\"tablist\" aria-orientation=\"vertical\">\n\t\t\t\t\t\t\t\t\t<div class=\"elementor-tab-title elementor-tab-mobile-title\" aria-selected=\"true\" data-tab=\"1\" role=\"tab\" tabindex=\"0\" aria-controls=\"elementor-tab-content-1501\" aria-expanded=\"false\">A - D<\/div>\n\t\t\t\t\t<div id=\"elementor-tab-content-1501\" class=\"elementor-tab-content elementor-clearfix\" data-tab=\"1\" role=\"tabpanel\" aria-labelledby=\"elementor-tab-title-1501\" tabindex=\"0\" hidden=\"false\"><ul><li><strong>Alcal\u00e1, Rafael<\/strong> &#8211; Dpto. Plant &amp; Animal Ecology Lab\u00a0<br \/><a href=\"https:\/\/cbds.montes.upm.es\/?page_id=826\">VER PERFIL<\/a><\/li><li><strong>Alonso, Carlos<\/strong> &#8211; Dpto. Hidrobiolog\u00eda<br \/><a href=\"https:\/\/cbds.montes.upm.es\/?page_id=815\">VER PERFIL<\/a><\/li><li><strong>Arriaga, Francisco &#8211; <\/strong>Dpto. Construcci\u00f3n con madera<br \/><a href=\"https:\/\/cbds.montes.upm.es\/?page_id=843\">VER PERFIL<\/a><\/li><li><strong>Avil\u00e9s, Carmen &#8211; <\/strong>Dpto. Tecnolog\u00eda de la Madera y Corcho<strong><br \/><\/strong><a href=\"https:\/\/cbds.montes.upm.es\/?page_id=859\">VER PERFIL<\/a><\/li><li><strong>Benavides, Raquel &#8211; <\/strong>Dpto. Ecolog\u00eda y Gesti\u00f3n Forestal Sostenible<br \/><a href=\"https:\/\/cbds.montes.upm.es\/?page_id=870\">VER PERFIL<\/a><\/li><li><strong>Berrocal, Marta &#8211; <\/strong>Dpto. Ecolog\u00eda y Gesti\u00f3n Forestal Sostenible<br \/><a href=\"https:\/\/cbds.montes.upm.es\/?page_id=1543\">VER PERFIL<\/a><\/li><li><strong>Bobadilla, Ignacio &#8211;<\/strong> Dpto. Construcci\u00f3n con madera<br \/><a href=\"https:\/\/cbds.montes.upm.es\/?page_id=880\">VER PERFIL<\/a><\/li><li><strong>Cap\u00f3, Miquel<\/strong> &#8211; Dpto. Plant &amp; Animal Ecology Lab\u00a0<br \/><a href=\"https:\/\/cbds.montes.upm.es\/?page_id=900\">VER PERFIL<\/a><\/li><li><strong>Charro, Jos\u00e9 Luis<\/strong> &#8211; Dpto. Plant &amp; Animal Ecology Lab\u00a0<br \/><a href=\"https:\/\/cbds.montes.upm.es\/?page_id=914\">VER PERFIL<\/a><\/li><li><strong>de Palacios, Paloma &#8211;<\/strong> Dpto. Tecnolog\u00eda de la Madera y Corcho<br \/><a href=\"https:\/\/cbds.montes.upm.es\/?page_id=891\">VER PERFIL<\/a><\/li><li><strong>del Castillo, Luc\u00eda<\/strong> &#8211; Dpto. Econom\u00eda y Sostenibilidad del Medio Natural<br \/><a href=\"https:\/\/cbds.montes.upm.es\/?page_id=924\">VER PERFIL<\/a><\/li><li><strong>Dom\u00ednguez N\u00fa\u00f1ez, Jos\u00e9 Alfonso<\/strong>\u00a0&#8211; Dpto. Econom\u00eda y Sostenibilidad del Medio Natural<br \/><a href=\"https:\/\/cbds.montes.upm.es\/?page_id=2044\">VER PERFIL<\/a><\/li><\/ul><\/div>\n\t\t\t\t\t\t\t\t\t<div class=\"elementor-tab-title elementor-tab-mobile-title\" aria-selected=\"false\" data-tab=\"2\" role=\"tab\" tabindex=\"-1\" aria-controls=\"elementor-tab-content-1502\" aria-expanded=\"false\">E - H<\/div>\n\t\t\t\t\t<div id=\"elementor-tab-content-1502\" class=\"elementor-tab-content elementor-clearfix\" data-tab=\"2\" role=\"tabpanel\" aria-labelledby=\"elementor-tab-title-1502\" tabindex=\"0\" hidden=\"hidden\"><ul><li><strong>Esteban Herrero, Miguel<\/strong> &#8211; Dpto. Construcci\u00f3n con Madera<br \/><a href=\"https:\/\/cbds.montes.upm.es\/?page_id=938\">VER PERFIL<\/a><\/li><li><strong>Gambra, Gabriel &#8211;<\/strong> Dpto. Plant &amp; Animal Ecology Lab\u00a0<br \/><a href=\"https:\/\/cbds.montes.upm.es\/?page_id=949\">VER PERFIL<\/a><\/li><li><strong>Garc\u00eda, Alba &#8211;<\/strong> Dpto. Tecnolog\u00edas y M\u00e9todos para la Gesti\u00f3n Sostenible\u00a0<br \/><a href=\"https:\/\/cbds.montes.upm.es\/?page_id=957\">VER PERFIL<\/a><\/li><li><strong>Garc\u00eda, Francisco<\/strong> <strong>&#8211;<\/strong> Dpto. Tecnolog\u00eda de la Madera y Corcho<br \/><a href=\"https:\/\/cbds.montes.upm.es\/?page_id=981\">VER PERFIL<\/a><\/li><li><strong>Garc\u00eda, Jos\u00e9 Luis<\/strong>\u00a0<strong>&#8211;<\/strong> Dpto. G-Aqua<br \/><a href=\"https:\/\/cbds.montes.upm.es\/?page_id=991\">VER PERFIL<\/a><\/li><li><strong>Garc\u00eda, Luis &#8211;<\/strong> Dpto. Tecnolog\u00eda de la Madera y Corcho<br \/><a href=\"https:\/\/cbds.montes.upm.es\/?page_id=970\">VER PERFIL<\/a><\/li><li><strong>Gast\u00f3n, Aitor<\/strong> &#8211; Dpto. Ecolog\u00eda y Gesti\u00f3n Forestal Sostenible<br \/><a href=\"https:\/\/cbds.montes.upm.es\/?page_id=999\">VER PERFIL<\/a><\/li><li><strong>G\u00f3mez, Alba<\/strong> &#8211; Dpto. Plant &amp; Animal Ecology Lab\u00a0<br \/><a href=\"https:\/\/cbds.montes.upm.es\/?page_id=1016\">VER PERFIL<\/a><\/li><li><strong>G\u00f3mez, Luis<\/strong> &#8211; Dpto. Defensa y Aprovechamiento del Medio Natural<br \/><a href=\"https:\/\/cbds.montes.upm.es\/?page_id=1006\">VER PERFIL<\/a><\/li><li><strong>Gonz\u00e1lez, Jos\u00e9 Ram\u00f3n &#8211;<\/strong> Dpto. Tecnolog\u00eda de la Madera y el Corcho<br \/><a href=\"https:\/\/cbds.montes.upm.es\/?page_id=1024\">VER PERFIL<\/a><\/li><li><strong>Grande, M\u00aa\u00c1ngeles &#8211;<\/strong> Dpto. Tecnolog\u00edas y M\u00e9todos para la Gesti\u00f3n Sostenible\u00a0<br \/><a href=\"https:\/\/cbds.montes.upm.es\/?page_id=1031\">VER PERFIL<\/a><\/li><li><strong>Hern\u00e1ndez, Carlos &#8211;<\/strong> Dpto. Plant &amp; Animal Ecology Lab\u00a0<br \/><a href=\"https:\/\/cbds.montes.upm.es\/?page_id=1038\">VER PERFIL<\/a><\/li><\/ul><\/div>\n\t\t\t\t\t\t\t\t\t<div class=\"elementor-tab-title elementor-tab-mobile-title\" aria-selected=\"false\" data-tab=\"3\" role=\"tab\" tabindex=\"-1\" aria-controls=\"elementor-tab-content-1503\" aria-expanded=\"false\">I - L<\/div>\n\t\t\t\t\t<div id=\"elementor-tab-content-1503\" class=\"elementor-tab-content elementor-clearfix\" data-tab=\"3\" role=\"tabpanel\" aria-labelledby=\"elementor-tab-title-1503\" tabindex=\"0\" hidden=\"hidden\"><ul><li><strong>Iglesias Merch\u00e1n, Carlos &#8211;<\/strong> Dpto. Econom\u00eda y Sostenibilidad del Medio Natural<br \/><a href=\"https:\/\/cbds.montes.upm.es\/?page_id=1048\">VER PERFIL<\/a><\/li><li><strong>Illanes, Rafael<\/strong><br \/><a href=\"https:\/\/cbds.montes.upm.es\/?page_id=1056\">VER PERFIL<\/a><\/li><li><strong>\u00cd\u00f1iguez, Guillermo &#8211;<\/strong> Dpto. Construcci\u00f3n con Madera<br \/><a href=\"https:\/\/cbds.montes.upm.es\/?page_id=1066\">VER PERFIL<\/a><\/li><li><strong>L\u00f3pez, Aida<\/strong> &#8211; Dpto. Plant &amp; Animal Ecology Lab\u00a0<br \/><a href=\"https:\/\/cbds.montes.upm.es\/?page_id=1076\">VER PERFIL<\/a><\/li><li><strong>L\u00f3pez, Rosana<\/strong> &#8211; Dpto. Sistemas y Recursos Naturales\u00a0<br \/><a href=\"https:\/\/cbds.montes.upm.es\/?page_id=2065\">VER PERFIL<\/a><\/li><\/ul><\/div>\n\t\t\t\t\t\t\t\t\t<div class=\"elementor-tab-title elementor-tab-mobile-title\" aria-selected=\"false\" data-tab=\"4\" role=\"tab\" tabindex=\"-1\" aria-controls=\"elementor-tab-content-1504\" aria-expanded=\"false\">M - O<\/div>\n\t\t\t\t\t<div id=\"elementor-tab-content-1504\" class=\"elementor-tab-content elementor-clearfix\" data-tab=\"4\" role=\"tabpanel\" aria-labelledby=\"elementor-tab-title-1504\" tabindex=\"0\" hidden=\"hidden\"><ul><li><strong>Manzanera, Jos\u00e9 Antonio &#8211;<\/strong> G.I. Tecnolog\u00edas y M\u00e9todos para la Gesti\u00f3n Sostenible\u00a0<br \/><a href=\"https:\/\/cbds.montes.upm.es\/?page_id=1086\">VER PERFIL<\/a><\/li><li><strong>Mart\u00edn, \u00c1ngel Juli\u00e1n &#8211;<\/strong> G.I. Ingenier\u00eda y Gesti\u00f3n Forestal y Ambiental<br \/><a href=\"https:\/\/cbds.montes.upm.es\/?page_id=1106\">VER PERFIL<\/a><\/li><li><strong>Mart\u00edn, Juan Antonio\u00a0<\/strong><br \/><a href=\"https:\/\/cbds.montes.upm.es\/?page_id=1115\">VER PERFIL<\/a><\/li><li><strong>Mart\u00edn, Ignacio Javier &#8211;<\/strong> G.I. Plant &amp; Animal Ecology Lab<br \/><a href=\"https:\/\/cbds.montes.upm.es\/?page_id=1125\">VER PERFIL<\/a>\u00a0<\/li><li><strong>Mart\u00ednez, Jos\u00e9 Eugenio<\/strong> &#8211; G.I. Tecnolog\u00edas y M\u00e9todos para la Gesti\u00f3n Sostenible<br \/><a href=\"https:\/\/cbds.montes.upm.es\/?page_id=1096\">VER PERFIL<\/a><\/li><li><strong>Montero, Mar\u00eda &#8211;<\/strong> G.I. Plant &amp; Animal Ecology Lab\u00a0<br \/><a href=\"https:\/\/cbds.montes.upm.es\/?page_id=1137\">VER PERFIL<\/a><\/li><li><strong>Oliet, Juan &#8211;<\/strong> G.I. Ecolog\u00eda y Gesti\u00f3n Forestal Sostenible<br \/><a href=\"https:\/\/cbds.montes.upm.es\/?page_id=1145\">VER PERFIL<\/a><\/li><\/ul><\/div>\n\t\t\t\t\t\t\t\t\t<div class=\"elementor-tab-title elementor-tab-mobile-title\" aria-selected=\"false\" data-tab=\"5\" role=\"tab\" tabindex=\"-1\" aria-controls=\"elementor-tab-content-1505\" aria-expanded=\"false\">P - S<\/div>\n\t\t\t\t\t<div id=\"elementor-tab-content-1505\" class=\"elementor-tab-content elementor-clearfix\" data-tab=\"5\" role=\"tabpanel\" aria-labelledby=\"elementor-tab-title-1505\" tabindex=\"0\" hidden=\"hidden\"><ul><li><strong>Pel\u00e1ez, Marta &#8211;<\/strong> G.I. Plant &amp; Animal Ecology Lab\u00a0<br \/><a href=\"https:\/\/cbds.montes.upm.es\/?page_id=1152\">VER PERFIL<\/a><\/li><li><strong>Perea, Ram\u00f3n &#8211;\u00a0<\/strong>G.I. Plant &amp; Animal Ecology Lab\u00a0<br \/><a href=\"https:\/\/cbds.montes.upm.es\/?page_id=1159\">VER PERFIL<\/a><\/li><li><strong>Robredo, Jos\u00e9 Carlos <\/strong><br \/><a href=\"https:\/\/cbds.montes.upm.es\/?page_id=1527\">VER PERFIL<\/a><\/li><li><strong>Rubio, Agust\u00edn\u00a0<\/strong><br \/><a href=\"https:\/\/cbds.montes.upm.es\/?page_id=1166\">VER PERFIL<\/a><\/li><li><strong>San Miguel, Alfonso &#8211;<\/strong> G.I. Plant &amp; Animal Ecology Lab\u00a0<br \/><a href=\"https:\/\/cbds.montes.upm.es\/?page_id=1173\">VER PERFIL<\/a><\/li><li><strong>Saura, Santiago &#8211;<\/strong> G.I. ECOGESFOR (Ecolog\u00eda y Gesti\u00f3n Forestal Sostenible) <br \/><a href=\"https:\/\/cbds.montes.upm.es\/?page_id=1503\">VER PERFIL<\/a>\u00a0<\/li><\/ul><\/div>\n\t\t\t\t\t\t\t\t\t<div class=\"elementor-tab-title elementor-tab-mobile-title\" aria-selected=\"false\" data-tab=\"6\" role=\"tab\" tabindex=\"-1\" aria-controls=\"elementor-tab-content-1506\" aria-expanded=\"false\">T - W<\/div>\n\t\t\t\t\t<div id=\"elementor-tab-content-1506\" class=\"elementor-tab-content elementor-clearfix\" data-tab=\"6\" role=\"tabpanel\" aria-labelledby=\"elementor-tab-title-1506\" tabindex=\"0\" hidden=\"hidden\"><\/div>\n\t\t\t\t\t\t\t\t\t<div class=\"elementor-tab-title elementor-tab-mobile-title\" aria-selected=\"false\" data-tab=\"7\" role=\"tab\" tabindex=\"-1\" aria-controls=\"elementor-tab-content-1507\" aria-expanded=\"false\">X - Z<\/div>\n\t\t\t\t\t<div id=\"elementor-tab-content-1507\" class=\"elementor-tab-content elementor-clearfix\" data-tab=\"7\" role=\"tabpanel\" aria-labelledby=\"elementor-tab-title-1507\" tabindex=\"0\" hidden=\"hidden\"><\/div>\n\t\t\t\t\t\t\t<\/div>\n\t\t<\/div>\n\t\t\t\t\t\t<\/div>\n\t\t\t\t<\/div>\n\t\t\t\t\t<\/div>\n\t\t<\/div>\n\t\t\t\t\t<\/div>\n\t\t<\/section>\n\t\t\t\t<\/div>\n\t\t","protected":false},"excerpt":{"rendered":"<p>Personal Listado de Investigadores del CBDS A &#8211; D E &#8211; H I &#8211; L M &#8211; O P &#8211; S T &#8211; W X &#8211; Z A &#8211; D Alcal\u00e1, Rafael &#8211; Dpto. Plant &amp; Animal Ecology Lab\u00a0VER PERFIL Alonso, Carlos &#8211; Dpto. Hidrobiolog\u00edaVER PERFIL Arriaga, Francisco &#8211; Dpto. Construcci\u00f3n con maderaVER PERFIL Avil\u00e9s, [&hellip;]<\/p>\n","protected":false},"author":1,"featured_media":0,"parent":0,"menu_order":0,"comment_status":"closed","ping_status":"closed","template":"","meta":{"footnotes":""},"class_list":["post-164","page","type-page","status-publish","hentry"],"_links":{"self":[{"href":"https:\/\/cbds.montes.upm.es\/index.php?rest_route=\/wp\/v2\/pages\/164","targetHints":{"allow":["GET"]}}],"collection":[{"href":"https:\/\/cbds.montes.upm.es\/index.php?rest_route=\/wp\/v2\/pages"}],"about":[{"href":"https:\/\/cbds.montes.upm.es\/index.php?rest_route=\/wp\/v2\/types\/page"}],"author":[{"embeddable":true,"href":"https:\/\/cbds.montes.upm.es\/index.php?rest_route=\/wp\/v2\/users\/1"}],"replies":[{"embeddable":true,"href":"https:\/\/cbds.montes.upm.es\/index.php?rest_route=%2Fwp%2Fv2%2Fcomments&post=164"}],"version-history":[{"count":142,"href":"https:\/\/cbds.montes.upm.es\/index.php?rest_route=\/wp\/v2\/pages\/164\/revisions"}],"predecessor-version":[{"id":2517,"href":"https:\/\/cbds.montes.upm.es\/index.php?rest_route=\/wp\/v2\/pages\/164\/revisions\/2517"}],"wp:attachment":[{"href":"https:\/\/cbds.montes.upm.es\/index.php?rest_route=%2Fwp%2Fv2%2Fmedia&parent=164"}],"curies":[{"name":"wp","href":"https:\/\/api.w.org\/{rel}","templated":true}]}}