{"id":186,"date":"2023-07-04T22:03:42","date_gmt":"2023-07-04T22:03:42","guid":{"rendered":"https:\/\/cbds.montes.upm.es\/?page_id=186"},"modified":"2024-09-30T18:34:02","modified_gmt":"2024-09-30T18:34:02","slug":"construccion-con-madera","status":"publish","type":"page","link":"https:\/\/cbds.montes.upm.es\/?page_id=186","title":{"rendered":"Construcci\u00f3n con Madera"},"content":{"rendered":"\t\t<div data-elementor-type=\"wp-page\" data-elementor-id=\"186\" class=\"elementor elementor-186\" data-elementor-post-type=\"page\">\n\t\t\t\t\t\t<section class=\"elementor-section elementor-top-section elementor-element elementor-element-2ce38958 elementor-section-boxed elementor-section-height-default elementor-section-height-default\" data-id=\"2ce38958\" data-element_type=\"section\" data-e-type=\"section\">\n\t\t\t\t\t\t<div class=\"elementor-container elementor-column-gap-default\">\n\t\t\t\t\t<div class=\"elementor-column elementor-col-100 elementor-top-column elementor-element elementor-element-11c5b53f\" data-id=\"11c5b53f\" data-element_type=\"column\" data-e-type=\"column\">\n\t\t\t<div class=\"elementor-widget-wrap elementor-element-populated\">\n\t\t\t\t\t\t<div class=\"elementor-element elementor-element-6d8da3d elementor-widget elementor-widget-heading\" data-id=\"6d8da3d\" data-element_type=\"widget\" data-e-type=\"widget\" data-widget_type=\"heading.default\">\n\t\t\t\t<div class=\"elementor-widget-container\">\n\t\t\t\t\t<h2 class=\"elementor-heading-title elementor-size-default\">Construcci\u00f3n con Madera<\/h2>\t\t\t\t<\/div>\n\t\t\t\t<\/div>\n\t\t\t\t<div class=\"elementor-element elementor-element-d90737e elementor-widget elementor-widget-heading\" data-id=\"d90737e\" data-element_type=\"widget\" data-e-type=\"widget\" data-widget_type=\"heading.default\">\n\t\t\t\t<div class=\"elementor-widget-container\">\n\t\t\t\t\t<h2 class=\"elementor-heading-title elementor-size-default\">GRUPOS DE INVESTIGACI\u00d3N<\/h2>\t\t\t\t<\/div>\n\t\t\t\t<\/div>\n\t\t\t\t\t<\/div>\n\t\t<\/div>\n\t\t\t\t\t<\/div>\n\t\t<\/section>\n\t\t\t\t<section class=\"elementor-section elementor-top-section elementor-element elementor-element-c9dfeee elementor-section-boxed elementor-section-height-default elementor-section-height-default\" data-id=\"c9dfeee\" data-element_type=\"section\" data-e-type=\"section\">\n\t\t\t\t\t\t<div class=\"elementor-container elementor-column-gap-default\">\n\t\t\t\t\t<div class=\"elementor-column elementor-col-100 elementor-top-column elementor-element elementor-element-28e9dd6\" data-id=\"28e9dd6\" data-element_type=\"column\" data-e-type=\"column\">\n\t\t\t<div class=\"elementor-widget-wrap elementor-element-populated\">\n\t\t\t\t\t\t<div class=\"elementor-element elementor-element-44987f8 elementor-widget elementor-widget-image-carousel\" data-id=\"44987f8\" data-element_type=\"widget\" data-e-type=\"widget\" data-settings=\"{&quot;slides_to_show&quot;:&quot;1&quot;,&quot;navigation&quot;:&quot;none&quot;,&quot;pause_on_hover&quot;:&quot;no&quot;,&quot;pause_on_interaction&quot;:&quot;no&quot;,&quot;autoplay&quot;:&quot;yes&quot;,&quot;autoplay_speed&quot;:5000,&quot;infinite&quot;:&quot;yes&quot;,&quot;effect&quot;:&quot;slide&quot;,&quot;speed&quot;:500}\" data-widget_type=\"image-carousel.default\">\n\t\t\t\t<div class=\"elementor-widget-container\">\n\t\t\t\t\t\t\t<div class=\"elementor-image-carousel-wrapper swiper\" role=\"region\" aria-roledescription=\"carousel\" aria-label=\"Carrusel de im\u00e1genes\" dir=\"ltr\">\n\t\t\t<div class=\"elementor-image-carousel swiper-wrapper\" aria-live=\"off\">\n\t\t\t\t\t\t\t\t<div class=\"swiper-slide\" role=\"group\" aria-roledescription=\"slide\" aria-label=\"1 de 3\"><figure class=\"swiper-slide-inner\"><img decoding=\"async\" class=\"swiper-slide-image\" src=\"https:\/\/cbds.montes.upm.es\/wp-content\/uploads\/elementor\/thumbs\/Foto-01-scaled-qqsxzr2r262qli6il1qzrdf2vi09s0rof5ggxv9u28.jpg\" alt=\"GI Construcci\u00f3n con Madera\" \/><\/figure><\/div><div class=\"swiper-slide\" role=\"group\" aria-roledescription=\"slide\" aria-label=\"2 de 3\"><figure class=\"swiper-slide-inner\"><img decoding=\"async\" class=\"swiper-slide-image\" src=\"https:\/\/cbds.montes.upm.es\/wp-content\/uploads\/elementor\/thumbs\/Foto-02-scaled-qqsxza5nn5fksiv3bufpihos6kbnxgwictpqavyx68.jpg\" alt=\"GI Construcci\u00f3n con Madera\" \/><\/figure><\/div><div class=\"swiper-slide\" role=\"group\" aria-roledescription=\"slide\" aria-label=\"3 de 3\"><figure class=\"swiper-slide-inner\"><img decoding=\"async\" class=\"swiper-slide-image\" src=\"https:\/\/cbds.montes.upm.es\/wp-content\/uploads\/elementor\/thumbs\/Foto-003-scaled-qqsy0dmvm6xmc59qxbi1f7q54qx2wr98i944gicdww.jpg\" alt=\"GI Construcci\u00f3n con Madera\" \/><\/figure><\/div>\t\t\t<\/div>\n\t\t\t\t\t\t\t\n\t\t\t\t\t\t\t\t\t<\/div>\n\t\t\t\t\t\t<\/div>\n\t\t\t\t<\/div>\n\t\t\t\t<div class=\"elementor-element elementor-element-9e68372 elementor-icon-list--layout-inline elementor-align-center elementor-list-item-link-full_width elementor-widget elementor-widget-icon-list\" data-id=\"9e68372\" data-element_type=\"widget\" data-e-type=\"widget\" data-widget_type=\"icon-list.default\">\n\t\t\t\t<div class=\"elementor-widget-container\">\n\t\t\t\t\t\t\t<ul class=\"elementor-icon-list-items elementor-inline-items\">\n\t\t\t\t\t\t\t<li class=\"elementor-icon-list-item elementor-inline-item\">\n\t\t\t\t\t\t\t\t\t\t\t<span class=\"elementor-icon-list-icon\">\n\t\t\t\t\t\t\t<i aria-hidden=\"true\" class=\"fas fa-user-tie\"><\/i>\t\t\t\t\t\t<\/span>\n\t\t\t\t\t\t\t\t\t\t<span class=\"elementor-icon-list-text\"><b>Representante del CBDS:<\/b> Francisco Arriaga Martitegui<\/span>\n\t\t\t\t\t\t\t\t\t<\/li>\n\t\t\t\t\t\t\t\t<li class=\"elementor-icon-list-item elementor-inline-item\">\n\t\t\t\t\t\t\t\t\t\t\t<a href=\"https:\/\/www2.montes.upm.es\/Dptos\/DptoConstruccion\/cestruct\/\" target=\"_blank\">\n\n\t\t\t\t\t\t\t\t\t\t\t\t<span class=\"elementor-icon-list-icon\">\n\t\t\t\t\t\t\t<i aria-hidden=\"true\" class=\"fas fa-globe\"><\/i>\t\t\t\t\t\t<\/span>\n\t\t\t\t\t\t\t\t\t\t<span class=\"elementor-icon-list-text\">Visita su web UPM<\/span>\n\t\t\t\t\t\t\t\t\t\t\t<\/a>\n\t\t\t\t\t\t\t\t\t<\/li>\n\t\t\t\t\t\t\t\t<li class=\"elementor-icon-list-item elementor-inline-item\">\n\t\t\t\t\t\t\t\t\t\t\t<a href=\"https:\/\/cbds.montes.upm.es\/wp-content\/uploads\/2024\/04\/Construccion-con-Madera-2023-12-13-GICM-reducido.pdf\" target=\"_blank\">\n\n\t\t\t\t\t\t\t\t\t\t\t\t<span class=\"elementor-icon-list-icon\">\n\t\t\t\t\t\t\t<i aria-hidden=\"true\" class=\"fas fa-file-pdf\"><\/i>\t\t\t\t\t\t<\/span>\n\t\t\t\t\t\t\t\t\t\t<span class=\"elementor-icon-list-text\">Presentaci\u00f3n del G.I.<\/span>\n\t\t\t\t\t\t\t\t\t\t\t<\/a>\n\t\t\t\t\t\t\t\t\t<\/li>\n\t\t\t\t\t\t<\/ul>\n\t\t\t\t\t\t<\/div>\n\t\t\t\t<\/div>\n\t\t\t\t<section class=\"elementor-section elementor-inner-section elementor-element elementor-element-6502f9ec elementor-section-boxed elementor-section-height-default elementor-section-height-default\" data-id=\"6502f9ec\" data-element_type=\"section\" data-e-type=\"section\">\n\t\t\t\t\t\t<div class=\"elementor-container elementor-column-gap-default\">\n\t\t\t\t\t<div class=\"elementor-column elementor-col-100 elementor-inner-column elementor-element elementor-element-508a998b\" data-id=\"508a998b\" data-element_type=\"column\" data-e-type=\"column\" data-settings=\"{&quot;background_background&quot;:&quot;classic&quot;}\">\n\t\t\t<div class=\"elementor-widget-wrap elementor-element-populated\">\n\t\t\t\t\t\t<div class=\"elementor-element elementor-element-2801e7b2 elementor-widget elementor-widget-heading\" data-id=\"2801e7b2\" data-element_type=\"widget\" data-e-type=\"widget\" data-widget_type=\"heading.default\">\n\t\t\t\t<div class=\"elementor-widget-container\">\n\t\t\t\t\t<h2 class=\"elementor-heading-title elementor-size-default\">DESCRIPCI\u00d3N<\/h2>\t\t\t\t<\/div>\n\t\t\t\t<\/div>\n\t\t\t\t\t<\/div>\n\t\t<\/div>\n\t\t\t\t\t<\/div>\n\t\t<\/section>\n\t\t\t\t<section class=\"elementor-section elementor-inner-section elementor-element elementor-element-76582eab elementor-section-boxed elementor-section-height-default elementor-section-height-default\" data-id=\"76582eab\" data-element_type=\"section\" data-e-type=\"section\">\n\t\t\t\t\t\t<div class=\"elementor-container elementor-column-gap-default\">\n\t\t\t\t\t<div class=\"elementor-column elementor-col-100 elementor-inner-column elementor-element elementor-element-2844f60f\" data-id=\"2844f60f\" data-element_type=\"column\" data-e-type=\"column\">\n\t\t\t<div class=\"elementor-widget-wrap elementor-element-populated\">\n\t\t\t\t\t\t<div class=\"elementor-element elementor-element-7501d30 elementor-widget elementor-widget-text-editor\" data-id=\"7501d30\" data-element_type=\"widget\" data-e-type=\"widget\" data-widget_type=\"text-editor.default\">\n\t\t\t\t<div class=\"elementor-widget-container\">\n\t\t\t\t\t\t\t\t\t<p>El grupo est\u00e1 formado por ingenieros y arquitectos. Su campo de trabajo e investigaci\u00f3n se centra en la madera como material para la construcci\u00f3n y principalmente con uso estructural. Las l\u00edneas de trabajo pueden agruparse en los bloques siguientes: Caracterizaci\u00f3n f\u00edsico-mec\u00e1nica de la madera y productos derivados (mec\u00e1nica de fractura, normalizaci\u00f3n, identificaci\u00f3n de especies y la instrumentaci\u00f3n), Inspecci\u00f3n y evaluaci\u00f3n de estructuras existentes (peritaci\u00f3n, ensayos no destructivos, patolog\u00eda, patrimonio industrial en madera), Econom\u00eda circular (madera recuperada, construcci\u00f3n sostenible), An\u00e1lisis estructural (programaci\u00f3n de c\u00e1lculo, m\u00e9todos num\u00e9ricos, l\u00e1minas reticulares) y Biomec\u00e1nica del \u00e1rbol.<\/p>\t\t\t\t\t\t\t\t<\/div>\n\t\t\t\t<\/div>\n\t\t\t\t\t<\/div>\n\t\t<\/div>\n\t\t\t\t\t<\/div>\n\t\t<\/section>\n\t\t\t\t<section class=\"elementor-section elementor-inner-section elementor-element elementor-element-e428d81 elementor-section-boxed elementor-section-height-default elementor-section-height-default\" data-id=\"e428d81\" data-element_type=\"section\" data-e-type=\"section\">\n\t\t\t\t\t\t<div class=\"elementor-container elementor-column-gap-default\">\n\t\t\t\t\t<div class=\"elementor-column elementor-col-100 elementor-inner-column elementor-element elementor-element-4b2b74b\" data-id=\"4b2b74b\" data-element_type=\"column\" data-e-type=\"column\" data-settings=\"{&quot;background_background&quot;:&quot;classic&quot;}\">\n\t\t\t<div class=\"elementor-widget-wrap elementor-element-populated\">\n\t\t\t\t\t\t<div class=\"elementor-element elementor-element-2b830d0 elementor-widget elementor-widget-heading\" data-id=\"2b830d0\" data-element_type=\"widget\" data-e-type=\"widget\" data-widget_type=\"heading.default\">\n\t\t\t\t<div class=\"elementor-widget-container\">\n\t\t\t\t\t<h2 class=\"elementor-heading-title elementor-size-default\">INTEGRANTES<\/h2>\t\t\t\t<\/div>\n\t\t\t\t<\/div>\n\t\t\t\t\t<\/div>\n\t\t<\/div>\n\t\t\t\t\t<\/div>\n\t\t<\/section>\n\t\t\t\t<section class=\"elementor-section elementor-inner-section elementor-element elementor-element-793e6f5 elementor-section-boxed elementor-section-height-default elementor-section-height-default\" data-id=\"793e6f5\" data-element_type=\"section\" data-e-type=\"section\">\n\t\t\t\t\t\t<div class=\"elementor-container elementor-column-gap-default\">\n\t\t\t\t\t<div class=\"elementor-column elementor-col-50 elementor-inner-column elementor-element elementor-element-31f7323\" data-id=\"31f7323\" data-element_type=\"column\" data-e-type=\"column\">\n\t\t\t<div class=\"elementor-widget-wrap elementor-element-populated\">\n\t\t\t\t\t\t<div class=\"elementor-element elementor-element-14a0e46 elementor-widget elementor-widget-heading\" data-id=\"14a0e46\" data-element_type=\"widget\" data-e-type=\"widget\" data-widget_type=\"heading.default\">\n\t\t\t\t<div class=\"elementor-widget-container\">\n\t\t\t\t\t<h2 class=\"elementor-heading-title elementor-size-default\">MIEMBROS DEL CBDS<\/h2>\t\t\t\t<\/div>\n\t\t\t\t<\/div>\n\t\t\t\t<div class=\"elementor-element elementor-element-d4df191 elementor-widget elementor-widget-text-editor\" data-id=\"d4df191\" data-element_type=\"widget\" data-e-type=\"widget\" data-widget_type=\"text-editor.default\">\n\t\t\t\t<div class=\"elementor-widget-container\">\n\t\t\t\t\t\t\t\t\t<ul><li>Arg\u00fcelles Bustillo, Ram\u00f3n Aurelio. UPM- ETSIMFMN.<\/li><li>Bobadilla Maldonado, Ignacio. UPM- ETSIMFMN.<\/li><li>Esteban Herrero, Miguel. UPM- ETSIMFMN.<\/li><li>Fern\u00e1ndez Llana, Daniel. UPM- ETSIMFMN.<\/li><li>\u00cd\u00f1iguez Gonz\u00e1lez, Guillermo. UPM- ETSIMFMN.<\/li><li>Palancar Hermosilla, Beatriz. UPM- ETSIMFMN.<\/li><\/ul>\t\t\t\t\t\t\t\t<\/div>\n\t\t\t\t<\/div>\n\t\t\t\t\t<\/div>\n\t\t<\/div>\n\t\t\t\t<div class=\"elementor-column elementor-col-50 elementor-inner-column elementor-element elementor-element-f12bd03\" data-id=\"f12bd03\" data-element_type=\"column\" data-e-type=\"column\">\n\t\t\t<div class=\"elementor-widget-wrap elementor-element-populated\">\n\t\t\t\t\t\t<div class=\"elementor-element elementor-element-abb8159 elementor-widget elementor-widget-heading\" data-id=\"abb8159\" data-element_type=\"widget\" data-e-type=\"widget\" data-widget_type=\"heading.default\">\n\t\t\t\t<div class=\"elementor-widget-container\">\n\t\t\t\t\t<h2 class=\"elementor-heading-title elementor-size-default\">OTROS MIEMBROS UPM<\/h2>\t\t\t\t<\/div>\n\t\t\t\t<\/div>\n\t\t\t\t<div class=\"elementor-element elementor-element-19f973d elementor-widget elementor-widget-text-editor\" data-id=\"19f973d\" data-element_type=\"widget\" data-e-type=\"widget\" data-widget_type=\"text-editor.default\">\n\t\t\t\t<div class=\"elementor-widget-container\">\n\t\t\t\t\t\t\t\t\t<ul><li>Aira Zunzunegui, Jos\u00e9 Ram\u00f3n<\/li><li>Gonzalo Calder\u00f3n, Laura. UPM- ETSAM.<\/li><li>Gonz\u00e1lez Rodrigo, Beatriz. UPM- ETSIMFMN.<\/li><li>Lara Bocanegra, Antonio. UPM- ETSAM.<\/li><li>Majano Majano, Almudena. UPM- ETSAM.<\/li><\/ul>\t\t\t\t\t\t\t\t<\/div>\n\t\t\t\t<\/div>\n\t\t\t\t\t<\/div>\n\t\t<\/div>\n\t\t\t\t\t<\/div>\n\t\t<\/section>\n\t\t\t\t<section class=\"elementor-section elementor-inner-section elementor-element elementor-element-b6a4a1e elementor-section-boxed elementor-section-height-default elementor-section-height-default\" data-id=\"b6a4a1e\" data-element_type=\"section\" data-e-type=\"section\">\n\t\t\t\t\t\t<div class=\"elementor-container elementor-column-gap-default\">\n\t\t\t\t\t<div class=\"elementor-column elementor-col-50 elementor-inner-column elementor-element elementor-element-6c462b2\" data-id=\"6c462b2\" data-element_type=\"column\" data-e-type=\"column\">\n\t\t\t<div class=\"elementor-widget-wrap elementor-element-populated\">\n\t\t\t\t\t\t<div class=\"elementor-element elementor-element-a474c6f elementor-widget elementor-widget-heading\" data-id=\"a474c6f\" data-element_type=\"widget\" data-e-type=\"widget\" data-widget_type=\"heading.default\">\n\t\t\t\t<div class=\"elementor-widget-container\">\n\t\t\t\t\t<h2 class=\"elementor-heading-title elementor-size-default\">INVESTIGADORES ASOCIADOS<\/h2>\t\t\t\t<\/div>\n\t\t\t\t<\/div>\n\t\t\t\t<div class=\"elementor-element elementor-element-addd70c elementor-widget elementor-widget-text-editor\" data-id=\"addd70c\" data-element_type=\"widget\" data-e-type=\"widget\" data-widget_type=\"text-editor.default\">\n\t\t\t\t<div class=\"elementor-widget-container\">\n\t\t\t\t\t\t\t\t\t<ul><li>Guaita Fern\u00e1ndez, Manuel. PEMADE, USC.<\/li><li>Hermoso Prieto, Eva. ICIFOR-INIA.<\/li><li>Mateo Campos, Raquel. AITIM.<\/li><li>Touza V\u00e1zquez, Manuel. CIS-MADEIRA.<\/li><\/ul>\t\t\t\t\t\t\t\t<\/div>\n\t\t\t\t<\/div>\n\t\t\t\t\t<\/div>\n\t\t<\/div>\n\t\t\t\t<div class=\"elementor-column elementor-col-50 elementor-inner-column elementor-element elementor-element-71fcb6f\" data-id=\"71fcb6f\" data-element_type=\"column\" data-e-type=\"column\">\n\t\t\t<div class=\"elementor-widget-wrap\">\n\t\t\t\t\t\t\t<\/div>\n\t\t<\/div>\n\t\t\t\t\t<\/div>\n\t\t<\/section>\n\t\t\t\t<section class=\"elementor-section elementor-inner-section elementor-element elementor-element-3bae5c3 elementor-section-boxed elementor-section-height-default elementor-section-height-default\" data-id=\"3bae5c3\" data-element_type=\"section\" data-e-type=\"section\">\n\t\t\t\t\t\t<div class=\"elementor-container elementor-column-gap-default\">\n\t\t\t\t\t<div class=\"elementor-column elementor-col-100 elementor-inner-column elementor-element elementor-element-7f0c81f\" data-id=\"7f0c81f\" data-element_type=\"column\" data-e-type=\"column\" data-settings=\"{&quot;background_background&quot;:&quot;classic&quot;}\">\n\t\t\t<div class=\"elementor-widget-wrap elementor-element-populated\">\n\t\t\t\t\t\t<div class=\"elementor-element elementor-element-820e4d8 elementor-widget elementor-widget-heading\" data-id=\"820e4d8\" data-element_type=\"widget\" data-e-type=\"widget\" data-widget_type=\"heading.default\">\n\t\t\t\t<div class=\"elementor-widget-container\">\n\t\t\t\t\t<h2 class=\"elementor-heading-title elementor-size-default\">L\u00cdNEAS DE INVESTIGACI\u00d3N<\/h2>\t\t\t\t<\/div>\n\t\t\t\t<\/div>\n\t\t\t\t\t<\/div>\n\t\t<\/div>\n\t\t\t\t\t<\/div>\n\t\t<\/section>\n\t\t\t\t<section class=\"elementor-section elementor-inner-section elementor-element elementor-element-5e41eab elementor-section-boxed elementor-section-height-default elementor-section-height-default\" data-id=\"5e41eab\" data-element_type=\"section\" data-e-type=\"section\">\n\t\t\t\t\t\t<div class=\"elementor-container elementor-column-gap-default\">\n\t\t\t\t\t<div class=\"elementor-column elementor-col-100 elementor-inner-column elementor-element elementor-element-c9ab88f\" data-id=\"c9ab88f\" data-element_type=\"column\" data-e-type=\"column\">\n\t\t\t<div class=\"elementor-widget-wrap elementor-element-populated\">\n\t\t\t\t\t\t<div class=\"elementor-element elementor-element-8be29e3 elementor-widget elementor-widget-text-editor\" data-id=\"8be29e3\" data-element_type=\"widget\" data-e-type=\"widget\" data-widget_type=\"text-editor.default\">\n\t\t\t\t<div class=\"elementor-widget-container\">\n\t\t\t\t\t\t\t\t\t<ol><li><strong>Caracterizaci\u00f3n f\u00edsico-mec\u00e1nica de la madera y productos derivados:<\/strong> mec\u00e1nica de fractura, normalizaci\u00f3n, identificaci\u00f3n de especies e instrumentaci\u00f3n.<\/li><li><strong>Inspecci\u00f3n y evaluaci\u00f3n de estructuras existentes:<\/strong> peritaci\u00f3n, ensayos no destructivos, patolog\u00eda, patrimonio industrial en madera.<\/li><li><strong>Econom\u00eda circular:<\/strong> madera recuperada, construcci\u00f3n sostenible.<\/li><li><strong>An\u00e1lisis estructural:<\/strong> programaci\u00f3n de c\u00e1lculo, m\u00e9todos num\u00e9ricos, l\u00e1minas reticulares<\/li><li><strong>Biomec\u00e1nica del \u00e1rbol:<\/strong> riesgo de fallo de arbolado urbano, ensayos no destructivos.<\/li><\/ol>\t\t\t\t\t\t\t\t<\/div>\n\t\t\t\t<\/div>\n\t\t\t\t\t<\/div>\n\t\t<\/div>\n\t\t\t\t\t<\/div>\n\t\t<\/section>\n\t\t\t\t<section class=\"elementor-section elementor-inner-section elementor-element elementor-element-567cd46 elementor-section-boxed elementor-section-height-default elementor-section-height-default\" data-id=\"567cd46\" data-element_type=\"section\" data-e-type=\"section\">\n\t\t\t\t\t\t<div class=\"elementor-container elementor-column-gap-default\">\n\t\t\t\t\t<div class=\"elementor-column elementor-col-100 elementor-inner-column elementor-element elementor-element-9808204\" data-id=\"9808204\" data-element_type=\"column\" data-e-type=\"column\" data-settings=\"{&quot;background_background&quot;:&quot;classic&quot;}\">\n\t\t\t<div class=\"elementor-widget-wrap elementor-element-populated\">\n\t\t\t\t\t\t<div class=\"elementor-element elementor-element-6ca5894 elementor-widget elementor-widget-heading\" data-id=\"6ca5894\" data-element_type=\"widget\" data-e-type=\"widget\" data-widget_type=\"heading.default\">\n\t\t\t\t<div class=\"elementor-widget-container\">\n\t\t\t\t\t<h2 class=\"elementor-heading-title elementor-size-default\">Art\u00edculos relacionados<\/h2>\t\t\t\t<\/div>\n\t\t\t\t<\/div>\n\t\t\t\t\t<\/div>\n\t\t<\/div>\n\t\t\t\t\t<\/div>\n\t\t<\/section>\n\t\t\t\t<section class=\"elementor-section elementor-inner-section elementor-element elementor-element-0527732 elementor-section-boxed elementor-section-height-default elementor-section-height-default\" data-id=\"0527732\" data-element_type=\"section\" data-e-type=\"section\">\n\t\t\t\t\t\t<div class=\"elementor-container elementor-column-gap-default\">\n\t\t\t\t\t<div class=\"elementor-column elementor-col-100 elementor-inner-column elementor-element elementor-element-32a0394\" data-id=\"32a0394\" data-element_type=\"column\" data-e-type=\"column\">\n\t\t\t<div class=\"elementor-widget-wrap elementor-element-populated\">\n\t\t\t\t\t\t<div class=\"elementor-element elementor-element-e572e9a elementor-widget elementor-widget-text-editor\" data-id=\"e572e9a\" data-element_type=\"widget\" data-e-type=\"widget\" data-widget_type=\"text-editor.default\">\n\t\t\t\t<div class=\"elementor-widget-container\">\n\t\t\t\t\t\t\t\t\t<ul><li>Luengo, E., Arriaga, F., Bobadilla, I., Hermoso, E. (2023). Mechanical efficiency and quality control preliminary analysis of incompletely bonded wood-based sandwich panels. Forests 2023, 14, 1074.<strong> DOI:<\/strong> <a href=\"https:\/\/doi.org\/10.3390\/f14061074\">https:\/\/doi.org\/10.3390\/f14061074<\/a><\/li><li>Arriaga, F., Osuna-Sequera, C., Bobadilla, I., Esteban, M. (2022). Prediction of the mechanical properties of timber members in existing structures using the dynamic modulus of elasticity and visual grading parameters. Construction and Building Materials 322 (2022) 126512. <strong>DOI:<\/strong> <a href=\"https:\/\/doi.org\/10.1016\/j.conbuildmat.2022.126512\">https:\/\/doi.org\/10.1016\/j.conbuildmat.2022.126512<\/a><\/li><li>Llana, D.F., Gonz\u00e1lez-Alegre, V., Portela, M., \u00cd\u00f1iguez-Gonz\u00e1lez, G. (2022) Cross Laminated Timber (CLT) manufactured with European oak recovered from demolition: structural properties and non-destructive evaluation. Constr. Build. Mater. 339:127635. <strong>DOI:<\/strong> <a href=\"https:\/\/doi.org\/10.1016\/j.conbuildmat.2022.127635\">https:\/\/doi.org\/10.1016\/j.conbuildmat.2022.127635<\/a><\/li><li>Arriaga, F., Osuna-Sequera, C, Esteban, M, \u00cd\u00f1iguez-Gonz\u00e1lez, G, Bobadilla, I. (2021). In situ assessment of the timber structure of an 18th century building in Madrid, Spain. Construction and Building Materials 304 (2021) 124466. <strong>DOI:<\/strong> <a href=\"https:\/\/doi.org\/10.1016\/j.conbuildmat.2021.124466\">https:\/\/doi.org\/10.1016\/j.conbuildmat.2021.124466<\/a><\/li><li>Osuna-Sequera, C., F. Llana, D.F., Hermoso, E., Arriaga, F. (2021). Acoustic wave velocity in long pieces of Salzmann pine for in-situ structural assessment. Construction and Building Materials 269 (2021) 121256. <strong>DOI:<\/strong> <a href=\"https:\/\/doi.org\/10.1016\/j.conbuildmat.2020.121256\">https:\/\/doi.org\/10.1016\/j.conbuildmat.2020.121256<\/a><\/li><\/ul>\t\t\t\t\t\t\t\t<\/div>\n\t\t\t\t<\/div>\n\t\t\t\t\t<\/div>\n\t\t<\/div>\n\t\t\t\t\t<\/div>\n\t\t<\/section>\n\t\t\t\t\t<\/div>\n\t\t<\/div>\n\t\t\t\t\t<\/div>\n\t\t<\/section>\n\t\t\t\t<\/div>\n\t\t","protected":false},"excerpt":{"rendered":"<p>Construcci\u00f3n con Madera GRUPOS DE INVESTIGACI\u00d3N Representante del CBDS: Francisco Arriaga Martitegui Visita su web UPM Presentaci\u00f3n del G.I. DESCRIPCI\u00d3N El grupo est\u00e1 formado por ingenieros y arquitectos. Su campo de trabajo e investigaci\u00f3n se centra en la madera como material para la construcci\u00f3n y principalmente con uso estructural. Las l\u00edneas de trabajo pueden agruparse [&hellip;]<\/p>\n","protected":false},"author":1,"featured_media":0,"parent":0,"menu_order":0,"comment_status":"closed","ping_status":"closed","template":"","meta":{"footnotes":""},"class_list":["post-186","page","type-page","status-publish","hentry"],"_links":{"self":[{"href":"https:\/\/cbds.montes.upm.es\/index.php?rest_route=\/wp\/v2\/pages\/186","targetHints":{"allow":["GET"]}}],"collection":[{"href":"https:\/\/cbds.montes.upm.es\/index.php?rest_route=\/wp\/v2\/pages"}],"about":[{"href":"https:\/\/cbds.montes.upm.es\/index.php?rest_route=\/wp\/v2\/types\/page"}],"author":[{"embeddable":true,"href":"https:\/\/cbds.montes.upm.es\/index.php?rest_route=\/wp\/v2\/users\/1"}],"replies":[{"embeddable":true,"href":"https:\/\/cbds.montes.upm.es\/index.php?rest_route=%2Fwp%2Fv2%2Fcomments&post=186"}],"version-history":[{"count":31,"href":"https:\/\/cbds.montes.upm.es\/index.php?rest_route=\/wp\/v2\/pages\/186\/revisions"}],"predecessor-version":[{"id":1242,"href":"https:\/\/cbds.montes.upm.es\/index.php?rest_route=\/wp\/v2\/pages\/186\/revisions\/1242"}],"wp:attachment":[{"href":"https:\/\/cbds.montes.upm.es\/index.php?rest_route=%2Fwp%2Fv2%2Fmedia&parent=186"}],"curies":[{"name":"wp","href":"https:\/\/api.w.org\/{rel}","templated":true}]}}