{"id":2253,"date":"2025-12-19T08:14:54","date_gmt":"2025-12-19T08:14:54","guid":{"rendered":"https:\/\/cbds.montes.upm.es\/?page_id=2253"},"modified":"2025-12-19T08:15:18","modified_gmt":"2025-12-19T08:15:18","slug":"laboratorio-de-patologia","status":"publish","type":"page","link":"https:\/\/cbds.montes.upm.es\/?page_id=2253","title":{"rendered":"Laboratorio de Patolog\u00eda"},"content":{"rendered":"\t\t<div data-elementor-type=\"wp-page\" data-elementor-id=\"2253\" class=\"elementor elementor-2253\" data-elementor-post-type=\"page\">\n\t\t\t\t\t\t<section class=\"elementor-section elementor-top-section elementor-element elementor-element-b8655c5 elementor-section-boxed elementor-section-height-default elementor-section-height-default\" data-id=\"b8655c5\" data-element_type=\"section\" data-e-type=\"section\">\n\t\t\t\t\t\t<div class=\"elementor-container elementor-column-gap-default\">\n\t\t\t\t\t<div class=\"elementor-column elementor-col-100 elementor-top-column elementor-element elementor-element-aaafb39\" data-id=\"aaafb39\" data-element_type=\"column\" data-e-type=\"column\">\n\t\t\t<div class=\"elementor-widget-wrap elementor-element-populated\">\n\t\t\t\t\t\t<div class=\"elementor-element elementor-element-886b393 elementor-widget elementor-widget-heading\" data-id=\"886b393\" data-element_type=\"widget\" data-e-type=\"widget\" data-widget_type=\"heading.default\">\n\t\t\t\t<div class=\"elementor-widget-container\">\n\t\t\t\t\t<h2 class=\"elementor-heading-title elementor-size-default\">Patolog\u00eda Forestal y Conservaci\u00f3n de la Madera<\/h2>\t\t\t\t<\/div>\n\t\t\t\t<\/div>\n\t\t\t\t\t<\/div>\n\t\t<\/div>\n\t\t\t\t\t<\/div>\n\t\t<\/section>\n\t\t\t\t<section class=\"elementor-section elementor-top-section elementor-element elementor-element-67b1bfc elementor-section-boxed elementor-section-height-default elementor-section-height-default\" data-id=\"67b1bfc\" data-element_type=\"section\" data-e-type=\"section\">\n\t\t\t\t\t\t<div class=\"elementor-container elementor-column-gap-default\">\n\t\t\t\t\t<div class=\"elementor-column elementor-col-100 elementor-top-column elementor-element elementor-element-69a0b80\" data-id=\"69a0b80\" data-element_type=\"column\" data-e-type=\"column\">\n\t\t\t<div class=\"elementor-widget-wrap elementor-element-populated\">\n\t\t\t\t\t\t<div class=\"elementor-element elementor-element-4421536 elementor-arrows-position-inside elementor-widget elementor-widget-image-carousel\" data-id=\"4421536\" data-element_type=\"widget\" data-e-type=\"widget\" data-settings=\"{&quot;navigation&quot;:&quot;arrows&quot;,&quot;pause_on_hover&quot;:&quot;no&quot;,&quot;pause_on_interaction&quot;:&quot;no&quot;,&quot;autoplay&quot;:&quot;yes&quot;,&quot;autoplay_speed&quot;:5000,&quot;infinite&quot;:&quot;yes&quot;,&quot;speed&quot;:500}\" data-widget_type=\"image-carousel.default\">\n\t\t\t\t<div class=\"elementor-widget-container\">\n\t\t\t\t\t\t\t<div class=\"elementor-image-carousel-wrapper swiper\" role=\"region\" aria-roledescription=\"carousel\" aria-label=\"Carrusel de im\u00e1genes\" dir=\"ltr\">\n\t\t\t<div class=\"elementor-image-carousel swiper-wrapper\" aria-live=\"off\">\n\t\t\t\t\t\t\t\t<div class=\"swiper-slide\" role=\"group\" aria-roledescription=\"slide\" aria-label=\"1 de 6\"><figure class=\"swiper-slide-inner\"><img decoding=\"async\" class=\"swiper-slide-image\" src=\"https:\/\/cbds.montes.upm.es\/wp-content\/uploads\/elementor\/thumbs\/1766052553273-scaled-rgdlyv3n1064vyhoemiiomqm4wrritkuuezhpucj0k.jpg\" alt=\"1766052553273\" \/><\/figure><\/div><div class=\"swiper-slide\" role=\"group\" aria-roledescription=\"slide\" aria-label=\"2 de 6\"><figure class=\"swiper-slide-inner\"><img decoding=\"async\" class=\"swiper-slide-image\" src=\"https:\/\/cbds.montes.upm.es\/wp-content\/uploads\/elementor\/thumbs\/1766052553299-scaled-rgdlywzbeo8pj6ey3nbrtm9jboihy7sbioagoe9qo4.jpg\" alt=\"1766052553299\" \/><\/figure><\/div><div class=\"swiper-slide\" role=\"group\" aria-roledescription=\"slide\" aria-label=\"3 de 6\"><figure class=\"swiper-slide-inner\"><img decoding=\"async\" class=\"swiper-slide-image\" src=\"https:\/\/cbds.montes.upm.es\/wp-content\/uploads\/elementor\/thumbs\/1766052553357-scaled-rgdlyyuzscba6ec7so50ylsgig98dlzs6xlfmy6ybo.jpg\" alt=\"1766052553357\" \/><\/figure><\/div><div class=\"swiper-slide\" role=\"group\" aria-roledescription=\"slide\" aria-label=\"4 de 6\"><figure class=\"swiper-slide-inner\"><img decoding=\"async\" class=\"swiper-slide-image\" src=\"https:\/\/cbds.montes.upm.es\/wp-content\/uploads\/elementor\/thumbs\/1766052623991-scaled-rgdlz0qo60dutm9hhoya3lbdp7zyt078v6weli45z8.jpg\" alt=\"1766052623991\" \/><\/figure><\/div><div class=\"swiper-slide\" role=\"group\" aria-roledescription=\"slide\" aria-label=\"5 de 6\"><figure class=\"swiper-slide-inner\"><img decoding=\"async\" class=\"swiper-slide-image\" src=\"https:\/\/cbds.montes.upm.es\/wp-content\/uploads\/elementor\/thumbs\/1766052624008-scaled-rgdlz1oicuf55884c7cwo32ualvc0paz7bjw2s2rt0.jpg\" alt=\"1766052624008\" \/><\/figure><\/div><div class=\"swiper-slide\" role=\"group\" aria-roledescription=\"slide\" aria-label=\"6 de 6\"><figure class=\"swiper-slide-inner\"><img decoding=\"async\" class=\"swiper-slide-image\" src=\"https:\/\/cbds.montes.upm.es\/wp-content\/uploads\/elementor\/thumbs\/1766052624027-scaled-rgdlz3k6qihpsg5e1865t2lrhdm2g3ifvkuv1bzzgk.jpg\" alt=\"1766052624027\" \/><\/figure><\/div>\t\t\t<\/div>\n\t\t\t\t\t\t\t\t\t\t\t\t<div class=\"elementor-swiper-button elementor-swiper-button-prev\" role=\"button\" tabindex=\"0\">\n\t\t\t\t\t\t<i aria-hidden=\"true\" class=\"eicon-chevron-left\"><\/i>\t\t\t\t\t<\/div>\n\t\t\t\t\t<div class=\"elementor-swiper-button elementor-swiper-button-next\" role=\"button\" tabindex=\"0\">\n\t\t\t\t\t\t<i aria-hidden=\"true\" class=\"eicon-chevron-right\"><\/i>\t\t\t\t\t<\/div>\n\t\t\t\t\n\t\t\t\t\t\t\t\t\t<\/div>\n\t\t\t\t\t\t<\/div>\n\t\t\t\t<\/div>\n\t\t\t\t<div class=\"elementor-element elementor-element-90e7471 elementor-widget elementor-widget-text-editor\" data-id=\"90e7471\" data-element_type=\"widget\" data-e-type=\"widget\" data-widget_type=\"text-editor.default\">\n\t\t\t\t<div class=\"elementor-widget-container\">\n\t\t\t\t\t\t\t\t\t<p>En el laboratorio se realizan actividades de investigaci\u00f3n y docencia sobre distintos aspectos relacionados con la sanidad forestal y la patolog\u00eda de la madera. Se dispone de equipamiento especializado para el aislamiento e identificaci\u00f3n de microorganismos y para el estudio de las respuestas anat\u00f3micas y bioqu\u00edmicas de las plantas ante pat\u00f3genos. Se dispone adem\u00e1s de un equipo de impregnaci\u00f3n de mini-probetas de madera para realizar ensayos de durabilidad de la madera frente a hongos de pudrici\u00f3n. Se prestan servicios de identificaci\u00f3n de pat\u00f3genos y hongos de pudrici\u00f3n de la madera y se realizan estudios sobre la eficacia de productos protectores de la madera.<\/p><p>\u00a0<\/p><p>Entre el equipamiento disponible se encuentra:<\/p><ul><li>C\u00e1maras de flujo laminar<\/li><li>Autoclaves<\/li><li>C\u00e1mara de impregnaci\u00f3n de probetas de madera<\/li><li>Incubadora para microorganismos<\/li><li>Lupas y microscopios<\/li><li>Criostato para cortes histol\u00f3gicos<\/li><li>Lector de absorbancia en microplacas<\/li><li>Colecci\u00f3n de muestras con enfermedades forestales<\/li><li>Colecci\u00f3n de muestras con patolog\u00edas de la madera<\/li><\/ul>\t\t\t\t\t\t\t\t<\/div>\n\t\t\t\t<\/div>\n\t\t\t\t<div class=\"elementor-element elementor-element-41351e3 elementor-align-center elementor-widget elementor-widget-button\" data-id=\"41351e3\" data-element_type=\"widget\" data-e-type=\"widget\" data-widget_type=\"button.default\">\n\t\t\t\t<div class=\"elementor-widget-container\">\n\t\t\t\t\t\t\t\t\t<div class=\"elementor-button-wrapper\">\n\t\t\t\t\t<a class=\"elementor-button elementor-button-link elementor-size-sm\" href=\"https:\/\/cbds.montes.upm.es\/wp-content\/uploads\/2024\/10\/CAPACIDADES-CIENTIFICAS.pdf\">\n\t\t\t\t\t\t<span class=\"elementor-button-content-wrapper\">\n\t\t\t\t\t\t\t\t\t<span class=\"elementor-button-text\">VER CAPACIDADES CIENT\u00cdFICAS<\/span>\n\t\t\t\t\t<\/span>\n\t\t\t\t\t<\/a>\n\t\t\t\t<\/div>\n\t\t\t\t\t\t\t\t<\/div>\n\t\t\t\t<\/div>\n\t\t\t\t\t<\/div>\n\t\t<\/div>\n\t\t\t\t\t<\/div>\n\t\t<\/section>\n\t\t\t\t<\/div>\n\t\t","protected":false},"excerpt":{"rendered":"<p>Patolog\u00eda Forestal y Conservaci\u00f3n de la Madera En el laboratorio se realizan actividades de investigaci\u00f3n y docencia sobre distintos aspectos relacionados con la sanidad forestal y la patolog\u00eda de la madera. Se dispone de equipamiento especializado para el aislamiento e identificaci\u00f3n de microorganismos y para el estudio de las respuestas anat\u00f3micas y bioqu\u00edmicas de las [&hellip;]<\/p>\n","protected":false},"author":3,"featured_media":0,"parent":0,"menu_order":0,"comment_status":"closed","ping_status":"closed","template":"","meta":{"footnotes":""},"class_list":["post-2253","page","type-page","status-publish","hentry"],"_links":{"self":[{"href":"https:\/\/cbds.montes.upm.es\/index.php?rest_route=\/wp\/v2\/pages\/2253","targetHints":{"allow":["GET"]}}],"collection":[{"href":"https:\/\/cbds.montes.upm.es\/index.php?rest_route=\/wp\/v2\/pages"}],"about":[{"href":"https:\/\/cbds.montes.upm.es\/index.php?rest_route=\/wp\/v2\/types\/page"}],"author":[{"embeddable":true,"href":"https:\/\/cbds.montes.upm.es\/index.php?rest_route=\/wp\/v2\/users\/3"}],"replies":[{"embeddable":true,"href":"https:\/\/cbds.montes.upm.es\/index.php?rest_route=%2Fwp%2Fv2%2Fcomments&post=2253"}],"version-history":[{"count":4,"href":"https:\/\/cbds.montes.upm.es\/index.php?rest_route=\/wp\/v2\/pages\/2253\/revisions"}],"predecessor-version":[{"id":2263,"href":"https:\/\/cbds.montes.upm.es\/index.php?rest_route=\/wp\/v2\/pages\/2253\/revisions\/2263"}],"wp:attachment":[{"href":"https:\/\/cbds.montes.upm.es\/index.php?rest_route=%2Fwp%2Fv2%2Fmedia&parent=2253"}],"curies":[{"name":"wp","href":"https:\/\/api.w.org\/{rel}","templated":true}]}}