{"id":446,"date":"2023-07-09T13:06:29","date_gmt":"2023-07-09T13:06:29","guid":{"rendered":"https:\/\/cbds.montes.upm.es\/?page_id=446"},"modified":"2026-01-12T09:40:55","modified_gmt":"2026-01-12T09:40:55","slug":"organos-de-gestion","status":"publish","type":"page","link":"https:\/\/cbds.montes.upm.es\/?page_id=446","title":{"rendered":"\u00d3rganos de Gesti\u00f3n"},"content":{"rendered":"\t\t<div data-elementor-type=\"wp-page\" data-elementor-id=\"446\" class=\"elementor elementor-446\" data-elementor-post-type=\"page\">\n\t\t\t\t\t\t<section class=\"elementor-section elementor-top-section elementor-element elementor-element-b8655c5 elementor-section-boxed elementor-section-height-default elementor-section-height-default\" data-id=\"b8655c5\" data-element_type=\"section\" data-e-type=\"section\">\n\t\t\t\t\t\t<div class=\"elementor-container elementor-column-gap-default\">\n\t\t\t\t\t<div class=\"elementor-column elementor-col-100 elementor-top-column elementor-element elementor-element-aaafb39\" data-id=\"aaafb39\" data-element_type=\"column\" data-e-type=\"column\">\n\t\t\t<div class=\"elementor-widget-wrap elementor-element-populated\">\n\t\t\t\t\t\t<div class=\"elementor-element elementor-element-886b393 elementor-widget elementor-widget-heading\" data-id=\"886b393\" data-element_type=\"widget\" data-e-type=\"widget\" data-widget_type=\"heading.default\">\n\t\t\t\t<div class=\"elementor-widget-container\">\n\t\t\t\t\t<h2 class=\"elementor-heading-title elementor-size-default\">\u00d3rganos de Gesti\u00f3n<\/h2>\t\t\t\t<\/div>\n\t\t\t\t<\/div>\n\t\t\t\t\t<\/div>\n\t\t<\/div>\n\t\t\t\t\t<\/div>\n\t\t<\/section>\n\t\t\t\t<section class=\"elementor-section elementor-top-section elementor-element elementor-element-67b1bfc elementor-section-boxed elementor-section-height-default elementor-section-height-default\" data-id=\"67b1bfc\" data-element_type=\"section\" data-e-type=\"section\">\n\t\t\t\t\t\t<div class=\"elementor-container elementor-column-gap-default\">\n\t\t\t\t\t<div class=\"elementor-column elementor-col-100 elementor-top-column elementor-element elementor-element-69a0b80\" data-id=\"69a0b80\" data-element_type=\"column\" data-e-type=\"column\">\n\t\t\t<div class=\"elementor-widget-wrap elementor-element-populated\">\n\t\t\t\t\t\t<div class=\"elementor-element elementor-element-beaf0c5 elementor-widget elementor-widget-heading\" data-id=\"beaf0c5\" data-element_type=\"widget\" data-e-type=\"widget\" data-widget_type=\"heading.default\">\n\t\t\t\t<div class=\"elementor-widget-container\">\n\t\t\t\t\t<h2 class=\"elementor-heading-title elementor-size-default\">DIRECCI\u00d3N<\/h2>\t\t\t\t<\/div>\n\t\t\t\t<\/div>\n\t\t\t\t<div class=\"elementor-element elementor-element-90e7471 elementor-widget elementor-widget-text-editor\" data-id=\"90e7471\" data-element_type=\"widget\" data-e-type=\"widget\" data-widget_type=\"text-editor.default\">\n\t\t\t\t<div class=\"elementor-widget-container\">\n\t\t\t\t\t\t\t\t\t<p><strong>Director:<\/strong> R<a href=\"https:\/\/cbds.montes.upm.es\/?page_id=1159\">am\u00f3n Perea Garc\u00eda-Calvo<\/a><\/p><p><strong>Subdirector:<\/strong> <a href=\"https:\/\/cbds.montes.upm.es\/?page_id=1115\">Juan Antonio Mart\u00edn Garc\u00eda<\/a><\/p><p><strong>Secretario:<\/strong><a href=\"https:\/\/cbds.montes.upm.es\/?page_id=981\"> Francisco Garc\u00eda Fern\u00e1ndez<\/a><\/p>\t\t\t\t\t\t\t\t<\/div>\n\t\t\t\t<\/div>\n\t\t\t\t<div class=\"elementor-element elementor-element-05163d3 elementor-widget elementor-widget-heading\" data-id=\"05163d3\" data-element_type=\"widget\" data-e-type=\"widget\" data-widget_type=\"heading.default\">\n\t\t\t\t<div class=\"elementor-widget-container\">\n\t\t\t\t\t<h2 class=\"elementor-heading-title elementor-size-default\">COMIT\u00c9 ASESOR<\/h2>\t\t\t\t<\/div>\n\t\t\t\t<\/div>\n\t\t\t\t<div class=\"elementor-element elementor-element-11e2780 elementor-widget elementor-widget-text-editor\" data-id=\"11e2780\" data-element_type=\"widget\" data-e-type=\"widget\" data-widget_type=\"text-editor.default\">\n\t\t\t\t<div class=\"elementor-widget-container\">\n\t\t\t\t\t\t\t\t\t<ul><li><a href=\"https:\/\/cbds.montes.upm.es\/?page_id=1159\">Ram\u00f3n Perea Garc\u00eda-Calvo<\/a><\/li><li><a href=\"https:\/\/cbds.montes.upm.es\/?page_id=1115\">Juan Antonio Mart\u00edn Garc\u00eda<\/a><\/li><li><a href=\"https:\/\/cbds.montes.upm.es\/?page_id=981\">Francisco Garc\u00eda Fern\u00e1ndez<\/a><\/li><li><a href=\"https:\/\/cbds.montes.upm.es\/?page_id=843\">Francisco Arraiga Martitegui<\/a><\/li><li>Luis Gonzaga Garc\u00eda Montero\u00a0<\/li><li>Juan Ignacio Garcia Vi\u00f1as<\/li><li><a href=\"https:\/\/cbds.montes.upm.es\/?page_id=1543\">Marta Berrocal Lobo<\/a>\u00a0<\/li><li>Joaqu\u00edn Solana Guti\u00e9rrez<\/li><li>Sonia Cond\u00e9s Ruiz\u00a0<\/li><li><a href=\"https:\/\/cbds.montes.upm.es\/?page_id=970\">Luis Garc\u00eda Esteban\u00a0<\/a><\/li><li>Susana Mart\u00edn Fern\u00e1ndez\u00a0<\/li><li>Pilar Pita Andreu\u00a0<\/li><\/ul>\t\t\t\t\t\t\t\t<\/div>\n\t\t\t\t<\/div>\n\t\t\t\t\t<\/div>\n\t\t<\/div>\n\t\t\t\t\t<\/div>\n\t\t<\/section>\n\t\t\t\t<section class=\"elementor-section elementor-top-section elementor-element elementor-element-3de29c7 elementor-section-boxed elementor-section-height-default elementor-section-height-default\" data-id=\"3de29c7\" data-element_type=\"section\" data-e-type=\"section\">\n\t\t\t\t\t\t<div class=\"elementor-container elementor-column-gap-default\">\n\t\t\t\t\t<div class=\"elementor-column elementor-col-100 elementor-top-column elementor-element elementor-element-1efccde\" data-id=\"1efccde\" data-element_type=\"column\" data-e-type=\"column\">\n\t\t\t<div class=\"elementor-widget-wrap elementor-element-populated\">\n\t\t\t\t\t\t<div class=\"elementor-element elementor-element-5e0b6d9 elementor-widget elementor-widget-heading\" data-id=\"5e0b6d9\" data-element_type=\"widget\" data-e-type=\"widget\" data-widget_type=\"heading.default\">\n\t\t\t\t<div class=\"elementor-widget-container\">\n\t\t\t\t\t<h2 class=\"elementor-heading-title elementor-size-default\">COMIT\u00c9 DE EVALUCI\u00d3N CIENT\u00cdFICA<\/h2>\t\t\t\t<\/div>\n\t\t\t\t<\/div>\n\t\t\t\t\t<\/div>\n\t\t<\/div>\n\t\t\t\t\t<\/div>\n\t\t<\/section>\n\t\t\t\t<section class=\"elementor-section elementor-top-section elementor-element elementor-element-e5fc2ff elementor-section-boxed elementor-section-height-default elementor-section-height-default\" data-id=\"e5fc2ff\" data-element_type=\"section\" data-e-type=\"section\">\n\t\t\t\t\t\t<div class=\"elementor-container elementor-column-gap-default\">\n\t\t\t\t\t<div class=\"elementor-column elementor-col-50 elementor-top-column elementor-element elementor-element-1bb80bc\" data-id=\"1bb80bc\" data-element_type=\"column\" data-e-type=\"column\">\n\t\t\t<div class=\"elementor-widget-wrap elementor-element-populated\">\n\t\t\t\t\t\t<section class=\"elementor-section elementor-inner-section elementor-element elementor-element-8a16147 elementor-section-boxed elementor-section-height-default elementor-section-height-default\" data-id=\"8a16147\" data-element_type=\"section\" data-e-type=\"section\">\n\t\t\t\t\t\t<div class=\"elementor-container elementor-column-gap-default\">\n\t\t\t\t\t<div class=\"elementor-column elementor-col-50 elementor-inner-column elementor-element elementor-element-aa73c91\" data-id=\"aa73c91\" data-element_type=\"column\" data-e-type=\"column\">\n\t\t\t<div class=\"elementor-widget-wrap elementor-element-populated\">\n\t\t\t\t\t\t<div class=\"elementor-element elementor-element-34cf1c2 elementor-widget elementor-widget-image\" data-id=\"34cf1c2\" data-element_type=\"widget\" data-e-type=\"widget\" data-widget_type=\"image.default\">\n\t\t\t\t<div class=\"elementor-widget-container\">\n\t\t\t\t\t\t\t\t\t\t\t\t\t\t\t<img decoding=\"async\" src=\"https:\/\/cbds.montes.upm.es\/wp-content\/uploads\/elementor\/thumbs\/juan20230216-ren2tldsxn7u1sha0c7kw28skcwg6mwjj9q2h4m7h8.jpg\" title=\"juan20230216\" alt=\"juan20230216\" loading=\"lazy\" \/>\t\t\t\t\t\t\t\t\t\t\t\t\t\t\t<\/div>\n\t\t\t\t<\/div>\n\t\t\t\t\t<\/div>\n\t\t<\/div>\n\t\t\t\t<div class=\"elementor-column elementor-col-50 elementor-inner-column elementor-element elementor-element-9984207\" data-id=\"9984207\" data-element_type=\"column\" data-e-type=\"column\">\n\t\t\t<div class=\"elementor-widget-wrap elementor-element-populated\">\n\t\t\t\t\t\t<div class=\"elementor-element elementor-element-fd74c6c elementor-widget elementor-widget-text-editor\" data-id=\"fd74c6c\" data-element_type=\"widget\" data-e-type=\"widget\" data-widget_type=\"text-editor.default\">\n\t\t\t\t<div class=\"elementor-widget-container\">\n\t\t\t\t\t\t\t\t\t<p><strong>Dr. Juan Su\u00e1rez M\u00ednguez<\/strong><\/p><p><a href=\"mailto:juan.suarez@forestresearch.gov.uk\">juan.suarez@forestresearch.gov.uk<\/a><\/p><p><strong>\u00c1rea de conocimiento:<\/strong><br \/>An\u00e1lisis Espacial, LIDAR, Patolog\u00eda, Inventario Forestal, Gemelos Digitales e Inteligencia Artificial aplicados a la gesti\u00f3n forestal<\/p><p><a href=\"https:\/\/www.researchgate.net\/profile\/Juan-Suarez-Minguez\">Ver Curr\u00edculum<\/a><\/p>\t\t\t\t\t\t\t\t<\/div>\n\t\t\t\t<\/div>\n\t\t\t\t\t<\/div>\n\t\t<\/div>\n\t\t\t\t\t<\/div>\n\t\t<\/section>\n\t\t\t\t<section class=\"elementor-section elementor-inner-section elementor-element elementor-element-dc742ae elementor-section-boxed elementor-section-height-default elementor-section-height-default\" data-id=\"dc742ae\" data-element_type=\"section\" data-e-type=\"section\">\n\t\t\t\t\t\t<div class=\"elementor-container elementor-column-gap-default\">\n\t\t\t\t\t<div class=\"elementor-column elementor-col-50 elementor-inner-column elementor-element elementor-element-5268a45\" data-id=\"5268a45\" data-element_type=\"column\" data-e-type=\"column\">\n\t\t\t<div class=\"elementor-widget-wrap elementor-element-populated\">\n\t\t\t\t\t\t<div class=\"elementor-element elementor-element-2b1b7e2 elementor-widget elementor-widget-image\" data-id=\"2b1b7e2\" data-element_type=\"widget\" data-e-type=\"widget\" data-widget_type=\"image.default\">\n\t\t\t\t<div class=\"elementor-widget-container\">\n\t\t\t\t\t\t\t\t\t\t\t\t\t\t\t<img decoding=\"async\" src=\"https:\/\/cbds.montes.upm.es\/wp-content\/uploads\/elementor\/thumbs\/FranciscoCanovas-r2unbrm8vo1lvlz1ql6fhqxuyjmq6ukw20680orql8.jpg\" title=\"FranciscoCanovas\" alt=\"FranciscoCanovas\" loading=\"lazy\" \/>\t\t\t\t\t\t\t\t\t\t\t\t\t\t\t<\/div>\n\t\t\t\t<\/div>\n\t\t\t\t\t<\/div>\n\t\t<\/div>\n\t\t\t\t<div class=\"elementor-column elementor-col-50 elementor-inner-column elementor-element elementor-element-b37fadf\" data-id=\"b37fadf\" data-element_type=\"column\" data-e-type=\"column\">\n\t\t\t<div class=\"elementor-widget-wrap elementor-element-populated\">\n\t\t\t\t\t\t<div class=\"elementor-element elementor-element-a452241 elementor-widget elementor-widget-text-editor\" data-id=\"a452241\" data-element_type=\"widget\" data-e-type=\"widget\" data-widget_type=\"text-editor.default\">\n\t\t\t\t<div class=\"elementor-widget-container\">\n\t\t\t\t\t\t\t\t\t<p><strong>Dr. Francisco C\u00e1novas<\/strong><\/p><p><a href=\"mailto:canovas@uma.es\">canovas@uma.es<\/a><\/p><p><strong>\u00c1rea de conocimiento:<br \/><\/strong>Gen\u00e9tica, Fisiolog\u00eda y Biolog\u00eda Molecular Forestal<\/p><p><a href=\"https:\/\/www.researchgate.net\/profile\/Francisco-Canovas-2\">Ver Curr\u00edculum<\/a><\/p>\t\t\t\t\t\t\t\t<\/div>\n\t\t\t\t<\/div>\n\t\t\t\t\t<\/div>\n\t\t<\/div>\n\t\t\t\t\t<\/div>\n\t\t<\/section>\n\t\t\t\t<section class=\"elementor-section elementor-inner-section elementor-element elementor-element-8467b6b elementor-section-boxed elementor-section-height-default elementor-section-height-default\" data-id=\"8467b6b\" data-element_type=\"section\" data-e-type=\"section\">\n\t\t\t\t\t\t<div class=\"elementor-container elementor-column-gap-default\">\n\t\t\t\t\t<div class=\"elementor-column elementor-col-50 elementor-inner-column elementor-element elementor-element-4be00d6\" data-id=\"4be00d6\" data-element_type=\"column\" data-e-type=\"column\">\n\t\t\t<div class=\"elementor-widget-wrap elementor-element-populated\">\n\t\t\t\t\t\t<div class=\"elementor-element elementor-element-69416b8 elementor-widget elementor-widget-image\" data-id=\"69416b8\" data-element_type=\"widget\" data-e-type=\"widget\" data-widget_type=\"image.default\">\n\t\t\t\t<div class=\"elementor-widget-container\">\n\t\t\t\t\t\t\t\t\t\t\t\t\t\t\t<img decoding=\"async\" src=\"https:\/\/cbds.montes.upm.es\/wp-content\/uploads\/elementor\/thumbs\/RubenValbuena-r2unc6nnx0m71dd7arogln58gpklm08lg2lzp45fto.jpg\" title=\"RubenValbuena\" alt=\"RubenValbuena\" loading=\"lazy\" \/>\t\t\t\t\t\t\t\t\t\t\t\t\t\t\t<\/div>\n\t\t\t\t<\/div>\n\t\t\t\t\t<\/div>\n\t\t<\/div>\n\t\t\t\t<div class=\"elementor-column elementor-col-50 elementor-inner-column elementor-element elementor-element-5ea154d\" data-id=\"5ea154d\" data-element_type=\"column\" data-e-type=\"column\">\n\t\t\t<div class=\"elementor-widget-wrap elementor-element-populated\">\n\t\t\t\t\t\t<div class=\"elementor-element elementor-element-55bc16e elementor-widget elementor-widget-text-editor\" data-id=\"55bc16e\" data-element_type=\"widget\" data-e-type=\"widget\" data-widget_type=\"text-editor.default\">\n\t\t\t\t<div class=\"elementor-widget-container\">\n\t\t\t\t\t\t\t\t\t<p><strong>Dr. Rub\u00e9n Valbuena<\/strong><\/p><p><a href=\"_wp_link_placeholder\" data-wplink-edit=\"true\">ruben.valbuena@slu.se<\/a><\/p><p><strong>\u00c1rea de conocimiento:<br \/><\/strong>Inventariaci\u00f3n Forestal, Teledetecci\u00f3n<\/p><p><a href=\"https:\/\/www.researchgate.net\/scientific-contributions\/Ruben-Valbuena-2122418964\">Ver Curr\u00edculum<\/a><\/p>\t\t\t\t\t\t\t\t<\/div>\n\t\t\t\t<\/div>\n\t\t\t\t\t<\/div>\n\t\t<\/div>\n\t\t\t\t\t<\/div>\n\t\t<\/section>\n\t\t\t\t\t<\/div>\n\t\t<\/div>\n\t\t\t\t<div class=\"elementor-column elementor-col-50 elementor-top-column elementor-element elementor-element-086fc92\" data-id=\"086fc92\" data-element_type=\"column\" data-e-type=\"column\">\n\t\t\t<div class=\"elementor-widget-wrap elementor-element-populated\">\n\t\t\t\t\t\t<section class=\"elementor-section elementor-inner-section elementor-element elementor-element-881b27e elementor-section-boxed elementor-section-height-default elementor-section-height-default\" data-id=\"881b27e\" data-element_type=\"section\" data-e-type=\"section\">\n\t\t\t\t\t\t<div class=\"elementor-container elementor-column-gap-default\">\n\t\t\t\t\t<div class=\"elementor-column elementor-col-50 elementor-inner-column elementor-element elementor-element-fb8bf20\" data-id=\"fb8bf20\" data-element_type=\"column\" data-e-type=\"column\">\n\t\t\t<div class=\"elementor-widget-wrap elementor-element-populated\">\n\t\t\t\t\t\t<div class=\"elementor-element elementor-element-c5499ce elementor-widget elementor-widget-image\" data-id=\"c5499ce\" data-element_type=\"widget\" data-e-type=\"widget\" data-widget_type=\"image.default\">\n\t\t\t\t<div class=\"elementor-widget-container\">\n\t\t\t\t\t\t\t\t\t\t\t\t\t\t\t<img decoding=\"async\" src=\"https:\/\/cbds.montes.upm.es\/wp-content\/uploads\/elementor\/thumbs\/AlainCloutierLR-r2unb28lr52v64zwus7i4fcex53tf0s4yik427td98.jpg\" title=\"AlainCloutierLR\" alt=\"AlainCloutierLR\" loading=\"lazy\" \/>\t\t\t\t\t\t\t\t\t\t\t\t\t\t\t<\/div>\n\t\t\t\t<\/div>\n\t\t\t\t\t<\/div>\n\t\t<\/div>\n\t\t\t\t<div class=\"elementor-column elementor-col-50 elementor-inner-column elementor-element elementor-element-7a7058c\" data-id=\"7a7058c\" data-element_type=\"column\" data-e-type=\"column\">\n\t\t\t<div class=\"elementor-widget-wrap elementor-element-populated\">\n\t\t\t\t\t\t<div class=\"elementor-element elementor-element-185de10 elementor-widget elementor-widget-text-editor\" data-id=\"185de10\" data-element_type=\"widget\" data-e-type=\"widget\" data-widget_type=\"text-editor.default\">\n\t\t\t\t<div class=\"elementor-widget-container\">\n\t\t\t\t\t\t\t\t\t<p><strong>Dr. Alain Cloutier<\/strong><\/p><p><a href=\"mailto:Alain.Cloutier@sbf.ulaval.ca\">Alain.Cloutier@sbf.ulaval.ca<\/a><\/p><p><strong>\u00c1rea de conocimiento:<br \/><\/strong>Tecnolog\u00eda de la Madera, Anatom\u00eda de la Madera<\/p><p><a href=\"https:\/\/www.researchgate.net\/profile\/Alain-Cloutier\">Ver Curr\u00edculum<\/a><\/p>\t\t\t\t\t\t\t\t<\/div>\n\t\t\t\t<\/div>\n\t\t\t\t\t<\/div>\n\t\t<\/div>\n\t\t\t\t\t<\/div>\n\t\t<\/section>\n\t\t\t\t<section class=\"elementor-section elementor-inner-section elementor-element elementor-element-18add2f elementor-section-boxed elementor-section-height-default elementor-section-height-default\" data-id=\"18add2f\" data-element_type=\"section\" data-e-type=\"section\">\n\t\t\t\t\t\t<div class=\"elementor-container elementor-column-gap-default\">\n\t\t\t\t\t<div class=\"elementor-column elementor-col-50 elementor-inner-column elementor-element elementor-element-f71b29e\" data-id=\"f71b29e\" data-element_type=\"column\" data-e-type=\"column\">\n\t\t\t<div class=\"elementor-widget-wrap elementor-element-populated\">\n\t\t\t\t\t\t<div class=\"elementor-element elementor-element-61c9de5 elementor-widget elementor-widget-image\" data-id=\"61c9de5\" data-element_type=\"widget\" data-e-type=\"widget\" data-widget_type=\"image.default\">\n\t\t\t\t<div class=\"elementor-widget-container\">\n\t\t\t\t\t\t\t\t\t\t\t\t\t\t\t<img decoding=\"async\" src=\"https:\/\/cbds.montes.upm.es\/wp-content\/uploads\/elementor\/thumbs\/user-qqsxzc0z8cb0a95voq8fnacyscji2r80u5teuh14rg.png\" title=\"user\" alt=\"user\" loading=\"lazy\" \/>\t\t\t\t\t\t\t\t\t\t\t\t\t\t\t<\/div>\n\t\t\t\t<\/div>\n\t\t\t\t\t<\/div>\n\t\t<\/div>\n\t\t\t\t<div class=\"elementor-column elementor-col-50 elementor-inner-column elementor-element elementor-element-1b08b29\" data-id=\"1b08b29\" data-element_type=\"column\" data-e-type=\"column\">\n\t\t\t<div class=\"elementor-widget-wrap elementor-element-populated\">\n\t\t\t\t\t\t<div class=\"elementor-element elementor-element-29c8032 elementor-widget elementor-widget-text-editor\" data-id=\"29c8032\" data-element_type=\"widget\" data-e-type=\"widget\" data-widget_type=\"text-editor.default\">\n\t\t\t\t<div class=\"elementor-widget-container\">\n\t\t\t\t\t\t\t\t\t<p><strong>Dr. Rodolfo Dirzo<\/strong><\/p><p><a href=\"mailto:rdirzo@stanford.edu\">rdirzo@stanford.edu<\/a><\/p><p><strong>\u00c1rea de conocimiento:<br \/><\/strong>Conservaci\u00f3n, Biodiversidad<\/p><p><a href=\"https:\/\/www.researchgate.net\/profile\/Rodolfo-Dirzo\">Ver Curr\u00edculum<\/a><\/p>\t\t\t\t\t\t\t\t<\/div>\n\t\t\t\t<\/div>\n\t\t\t\t\t<\/div>\n\t\t<\/div>\n\t\t\t\t\t<\/div>\n\t\t<\/section>\n\t\t\t\t\t<\/div>\n\t\t<\/div>\n\t\t\t\t\t<\/div>\n\t\t<\/section>\n\t\t\t\t<section class=\"elementor-section elementor-top-section elementor-element elementor-element-688e23d elementor-hidden-desktop elementor-hidden-tablet elementor-hidden-mobile elementor-section-boxed elementor-section-height-default elementor-section-height-default\" data-id=\"688e23d\" data-element_type=\"section\" data-e-type=\"section\">\n\t\t\t\t\t\t<div class=\"elementor-container elementor-column-gap-default\">\n\t\t\t\t\t<div class=\"elementor-column elementor-col-100 elementor-top-column elementor-element elementor-element-ef6f740\" data-id=\"ef6f740\" data-element_type=\"column\" data-e-type=\"column\">\n\t\t\t<div class=\"elementor-widget-wrap elementor-element-populated\">\n\t\t\t\t\t\t<div class=\"elementor-element elementor-element-c0a5c48 elementor-widget elementor-widget-heading\" data-id=\"c0a5c48\" data-element_type=\"widget\" data-e-type=\"widget\" data-widget_type=\"heading.default\">\n\t\t\t\t<div class=\"elementor-widget-container\">\n\t\t\t\t\t<h2 class=\"elementor-heading-title elementor-size-default\">COMIT\u00c9 DE DIRECCI\u00d3N<\/h2>\t\t\t\t<\/div>\n\t\t\t\t<\/div>\n\t\t\t\t<div class=\"elementor-element elementor-element-02b95fd elementor-widget elementor-widget-text-editor\" data-id=\"02b95fd\" data-element_type=\"widget\" data-e-type=\"widget\" data-widget_type=\"text-editor.default\">\n\t\t\t\t<div class=\"elementor-widget-container\">\n\t\t\t\t\t\t\t\t\t<ul><li>Eugenio Manuel Mart\u00ednez Falero<\/li><li>Ram\u00f3n Perea Calvo<\/li><li>Luis G\u00f3mez Fern\u00e1ndez<\/li><li>Francisco Garc\u00eda Fern\u00e1ndez<\/li><\/ul><p>\u00a0<\/p>\t\t\t\t\t\t\t\t<\/div>\n\t\t\t\t<\/div>\n\t\t\t\t\t<\/div>\n\t\t<\/div>\n\t\t\t\t\t<\/div>\n\t\t<\/section>\n\t\t\t\t<\/div>\n\t\t","protected":false},"excerpt":{"rendered":"<p>\u00d3rganos de Gesti\u00f3n DIRECCI\u00d3N Director: Ram\u00f3n Perea Garc\u00eda-Calvo Subdirector: Juan Antonio Mart\u00edn Garc\u00eda Secretario: Francisco Garc\u00eda Fern\u00e1ndez COMIT\u00c9 ASESOR Ram\u00f3n Perea Garc\u00eda-Calvo Juan Antonio Mart\u00edn Garc\u00eda Francisco Garc\u00eda Fern\u00e1ndez Francisco Arraiga Martitegui Luis Gonzaga Garc\u00eda Montero\u00a0 Juan Ignacio Garcia Vi\u00f1as Marta Berrocal Lobo\u00a0 Joaqu\u00edn Solana Guti\u00e9rrez Sonia Cond\u00e9s Ruiz\u00a0 Luis Garc\u00eda Esteban\u00a0 Susana Mart\u00edn Fern\u00e1ndez\u00a0 [&hellip;]<\/p>\n","protected":false},"author":1,"featured_media":0,"parent":0,"menu_order":0,"comment_status":"closed","ping_status":"closed","template":"","meta":{"footnotes":""},"class_list":["post-446","page","type-page","status-publish","hentry"],"_links":{"self":[{"href":"https:\/\/cbds.montes.upm.es\/index.php?rest_route=\/wp\/v2\/pages\/446","targetHints":{"allow":["GET"]}}],"collection":[{"href":"https:\/\/cbds.montes.upm.es\/index.php?rest_route=\/wp\/v2\/pages"}],"about":[{"href":"https:\/\/cbds.montes.upm.es\/index.php?rest_route=\/wp\/v2\/types\/page"}],"author":[{"embeddable":true,"href":"https:\/\/cbds.montes.upm.es\/index.php?rest_route=\/wp\/v2\/users\/1"}],"replies":[{"embeddable":true,"href":"https:\/\/cbds.montes.upm.es\/index.php?rest_route=%2Fwp%2Fv2%2Fcomments&post=446"}],"version-history":[{"count":37,"href":"https:\/\/cbds.montes.upm.es\/index.php?rest_route=\/wp\/v2\/pages\/446\/revisions"}],"predecessor-version":[{"id":2274,"href":"https:\/\/cbds.montes.upm.es\/index.php?rest_route=\/wp\/v2\/pages\/446\/revisions\/2274"}],"wp:attachment":[{"href":"https:\/\/cbds.montes.upm.es\/index.php?rest_route=%2Fwp%2Fv2%2Fmedia&parent=446"}],"curies":[{"name":"wp","href":"https:\/\/api.w.org\/{rel}","templated":true}]}}