{"id":526,"date":"2023-07-09T15:57:51","date_gmt":"2023-07-09T15:57:51","guid":{"rendered":"https:\/\/cbds.montes.upm.es\/?page_id=526"},"modified":"2023-07-09T16:01:00","modified_gmt":"2023-07-09T16:01:00","slug":"lineas-de-investigacion","status":"publish","type":"page","link":"https:\/\/cbds.montes.upm.es\/?page_id=526","title":{"rendered":"L\u00edneas de Investigaci\u00f3n"},"content":{"rendered":"\t\t<div data-elementor-type=\"wp-page\" data-elementor-id=\"526\" class=\"elementor elementor-526\" data-elementor-post-type=\"page\">\n\t\t\t\t\t\t<section class=\"elementor-section elementor-top-section elementor-element elementor-element-b8655c5 elementor-section-boxed elementor-section-height-default elementor-section-height-default\" data-id=\"b8655c5\" data-element_type=\"section\" data-e-type=\"section\">\n\t\t\t\t\t\t<div class=\"elementor-container elementor-column-gap-default\">\n\t\t\t\t\t<div class=\"elementor-column elementor-col-100 elementor-top-column elementor-element elementor-element-aaafb39\" data-id=\"aaafb39\" data-element_type=\"column\" data-e-type=\"column\">\n\t\t\t<div class=\"elementor-widget-wrap elementor-element-populated\">\n\t\t\t\t\t\t<div class=\"elementor-element elementor-element-886b393 elementor-widget elementor-widget-heading\" data-id=\"886b393\" data-element_type=\"widget\" data-e-type=\"widget\" data-widget_type=\"heading.default\">\n\t\t\t\t<div class=\"elementor-widget-container\">\n\t\t\t\t\t<h2 class=\"elementor-heading-title elementor-size-default\">L\u00edneas de Investigaci\u00f3n<\/h2>\t\t\t\t<\/div>\n\t\t\t\t<\/div>\n\t\t\t\t\t<\/div>\n\t\t<\/div>\n\t\t\t\t\t<\/div>\n\t\t<\/section>\n\t\t\t\t<section class=\"elementor-section elementor-top-section elementor-element elementor-element-67b1bfc elementor-section-boxed elementor-section-height-default elementor-section-height-default\" data-id=\"67b1bfc\" data-element_type=\"section\" data-e-type=\"section\">\n\t\t\t\t\t\t<div class=\"elementor-container elementor-column-gap-default\">\n\t\t\t\t\t<div class=\"elementor-column elementor-col-100 elementor-top-column elementor-element elementor-element-69a0b80\" data-id=\"69a0b80\" data-element_type=\"column\" data-e-type=\"column\">\n\t\t\t<div class=\"elementor-widget-wrap elementor-element-populated\">\n\t\t\t\t\t\t<div class=\"elementor-element elementor-element-90e7471 elementor-widget elementor-widget-text-editor\" data-id=\"90e7471\" data-element_type=\"widget\" data-e-type=\"widget\" data-widget_type=\"text-editor.default\">\n\t\t\t\t<div class=\"elementor-widget-container\">\n\t\t\t\t\t\t\t\t\t<ol><li><strong>INVENTARIO Y GESTI\u00d3N FORESTAL<\/strong><ul><li>Inventario<\/li><li>Gesti\u00f3n Forestal<\/li><li>Incendios Forestales<br \/><br \/><\/li><\/ul><\/li><li><strong>TECNOLOG\u00cdA DE LAS INDUSTRIAS FORESTALES<\/strong><ul><li>Embalajes sostenibles a partir de productos lignocelul\u00f3sicos<\/li><li>Inteligencia Artificial aplicada a la caracterizaci\u00f3n y optimizaci\u00f3n de los procesos industrials de materiales lignocelul\u00f3sicos.<\/li><li>Estructuras de madera<\/li><li>Identificaci\u00f3n de especies mediante aplicaci\u00f3n de Machine learning<\/li><li>Caracterizaci\u00f3n de biomateriales<br \/><br \/><\/li><\/ul><\/li><li><strong>GESTI\u00d3N SOSTENIBLE<\/strong><ul><li>Optimizaci\u00f3n operacional<\/li><li>Transformaci\u00f3n de las organizaciones<\/li><li>Gesti\u00f3n de alianzas<br \/><br \/><\/li><\/ul><\/li><li><strong>BIODIVERSIDAD Y CAMBIO GLOBAL <\/strong><ul><li>Restauraci\u00f3n ecol\u00f3gica de la biodiversidad<\/li><li>Inventario de la biodiversidad y tasas de cambio<\/li><li>Gesti\u00f3n adaptativa de la biodiversidad frente al cambio global<\/li><li>Impacto de las energ\u00edas renovables en la biodiversidad<\/li><li>Reducci\u00f3n de los conflictos humano-vida salvaje<\/li><li>Gesti\u00f3n de residuos y aguas residuales<\/li><li>Bioeficiencia y biorremediaci\u00f3n suelo-planta<\/li><\/ul><\/li><\/ol>\t\t\t\t\t\t\t\t<\/div>\n\t\t\t\t<\/div>\n\t\t\t\t\t<\/div>\n\t\t<\/div>\n\t\t\t\t\t<\/div>\n\t\t<\/section>\n\t\t\t\t<\/div>\n\t\t","protected":false},"excerpt":{"rendered":"<p>L\u00edneas de Investigaci\u00f3n INVENTARIO Y GESTI\u00d3N FORESTAL Inventario Gesti\u00f3n Forestal Incendios Forestales TECNOLOG\u00cdA DE LAS INDUSTRIAS FORESTALES Embalajes sostenibles a partir de productos lignocelul\u00f3sicos Inteligencia Artificial aplicada a la caracterizaci\u00f3n y optimizaci\u00f3n de los procesos industrials de materiales lignocelul\u00f3sicos. Estructuras de madera Identificaci\u00f3n de especies mediante aplicaci\u00f3n de Machine learning Caracterizaci\u00f3n de biomateriales GESTI\u00d3N SOSTENIBLE [&hellip;]<\/p>\n","protected":false},"author":1,"featured_media":0,"parent":0,"menu_order":0,"comment_status":"closed","ping_status":"closed","template":"","meta":{"footnotes":""},"class_list":["post-526","page","type-page","status-publish","hentry"],"_links":{"self":[{"href":"https:\/\/cbds.montes.upm.es\/index.php?rest_route=\/wp\/v2\/pages\/526","targetHints":{"allow":["GET"]}}],"collection":[{"href":"https:\/\/cbds.montes.upm.es\/index.php?rest_route=\/wp\/v2\/pages"}],"about":[{"href":"https:\/\/cbds.montes.upm.es\/index.php?rest_route=\/wp\/v2\/types\/page"}],"author":[{"embeddable":true,"href":"https:\/\/cbds.montes.upm.es\/index.php?rest_route=\/wp\/v2\/users\/1"}],"replies":[{"embeddable":true,"href":"https:\/\/cbds.montes.upm.es\/index.php?rest_route=%2Fwp%2Fv2%2Fcomments&post=526"}],"version-history":[{"count":13,"href":"https:\/\/cbds.montes.upm.es\/index.php?rest_route=\/wp\/v2\/pages\/526\/revisions"}],"predecessor-version":[{"id":539,"href":"https:\/\/cbds.montes.upm.es\/index.php?rest_route=\/wp\/v2\/pages\/526\/revisions\/539"}],"wp:attachment":[{"href":"https:\/\/cbds.montes.upm.es\/index.php?rest_route=%2Fwp%2Fv2%2Fmedia&parent=526"}],"curies":[{"name":"wp","href":"https:\/\/api.w.org\/{rel}","templated":true}]}}