{"id":568,"date":"2023-07-09T17:46:56","date_gmt":"2023-07-09T17:46:56","guid":{"rendered":"https:\/\/cbds.montes.upm.es\/?page_id=568"},"modified":"2025-03-14T13:49:57","modified_gmt":"2025-03-14T13:49:57","slug":"laboratorio-tecnologia-madera","status":"publish","type":"page","link":"https:\/\/cbds.montes.upm.es\/?page_id=568","title":{"rendered":"Laboratorio Tecnologia de la Madera"},"content":{"rendered":"\t\t<div data-elementor-type=\"wp-page\" data-elementor-id=\"568\" class=\"elementor elementor-568\" data-elementor-post-type=\"page\">\n\t\t\t\t\t\t<section class=\"elementor-section elementor-top-section elementor-element elementor-element-b8655c5 elementor-section-boxed elementor-section-height-default elementor-section-height-default\" data-id=\"b8655c5\" data-element_type=\"section\" data-e-type=\"section\">\n\t\t\t\t\t\t<div class=\"elementor-container elementor-column-gap-default\">\n\t\t\t\t\t<div class=\"elementor-column elementor-col-100 elementor-top-column elementor-element elementor-element-aaafb39\" data-id=\"aaafb39\" data-element_type=\"column\" data-e-type=\"column\">\n\t\t\t<div class=\"elementor-widget-wrap elementor-element-populated\">\n\t\t\t\t\t\t<div class=\"elementor-element elementor-element-886b393 elementor-widget elementor-widget-heading\" data-id=\"886b393\" data-element_type=\"widget\" data-e-type=\"widget\" data-widget_type=\"heading.default\">\n\t\t\t\t<div class=\"elementor-widget-container\">\n\t\t\t\t\t<h2 class=\"elementor-heading-title elementor-size-default\">Laboratorio de Tecnolog\u00eda de la Madera<\/h2>\t\t\t\t<\/div>\n\t\t\t\t<\/div>\n\t\t\t\t\t<\/div>\n\t\t<\/div>\n\t\t\t\t\t<\/div>\n\t\t<\/section>\n\t\t\t\t<section class=\"elementor-section elementor-top-section elementor-element elementor-element-67b1bfc elementor-section-boxed elementor-section-height-default elementor-section-height-default\" data-id=\"67b1bfc\" data-element_type=\"section\" data-e-type=\"section\">\n\t\t\t\t\t\t<div class=\"elementor-container elementor-column-gap-default\">\n\t\t\t\t\t<div class=\"elementor-column elementor-col-100 elementor-top-column elementor-element elementor-element-69a0b80\" data-id=\"69a0b80\" data-element_type=\"column\" data-e-type=\"column\">\n\t\t\t<div class=\"elementor-widget-wrap elementor-element-populated\">\n\t\t\t\t\t\t<div class=\"elementor-element elementor-element-4421536 elementor-arrows-position-inside elementor-widget elementor-widget-image-carousel\" data-id=\"4421536\" data-element_type=\"widget\" data-e-type=\"widget\" data-settings=\"{&quot;navigation&quot;:&quot;arrows&quot;,&quot;pause_on_hover&quot;:&quot;no&quot;,&quot;pause_on_interaction&quot;:&quot;no&quot;,&quot;autoplay&quot;:&quot;yes&quot;,&quot;autoplay_speed&quot;:5000,&quot;infinite&quot;:&quot;yes&quot;,&quot;speed&quot;:500}\" data-widget_type=\"image-carousel.default\">\n\t\t\t\t<div class=\"elementor-widget-container\">\n\t\t\t\t\t\t\t<div class=\"elementor-image-carousel-wrapper swiper\" role=\"region\" aria-roledescription=\"carousel\" aria-label=\"Carrusel de im\u00e1genes\" dir=\"ltr\">\n\t\t\t<div class=\"elementor-image-carousel swiper-wrapper\" aria-live=\"off\">\n\t\t\t\t\t\t\t\t<div class=\"swiper-slide\" role=\"group\" aria-roledescription=\"slide\" aria-label=\"1 de 13\"><figure class=\"swiper-slide-inner\"><img decoding=\"async\" class=\"swiper-slide-image\" src=\"https:\/\/cbds.montes.upm.es\/wp-content\/uploads\/elementor\/thumbs\/TecnoMadera01-quvs7537ubfnyf8qluisvc3xxt9t35lionn3dc3xok.jpg\" alt=\"TecnoMadera01\" \/><\/figure><\/div><div class=\"swiper-slide\" role=\"group\" aria-roledescription=\"slide\" aria-label=\"2 de 13\"><figure class=\"swiper-slide-inner\"><img decoding=\"async\" class=\"swiper-slide-image\" src=\"https:\/\/cbds.montes.upm.es\/wp-content\/uploads\/elementor\/thumbs\/TecnoMadera02-quvs7537ubfnyf8qluisvc3xxt9t35lionn3dc3xok.jpg\" alt=\"TecnoMadera02\" \/><\/figure><\/div><div class=\"swiper-slide\" role=\"group\" aria-roledescription=\"slide\" aria-label=\"3 de 13\"><figure class=\"swiper-slide-inner\"><img decoding=\"async\" class=\"swiper-slide-image\" src=\"https:\/\/cbds.montes.upm.es\/wp-content\/uploads\/elementor\/thumbs\/TecnoMadera03-quvs761215gya17dgcxfftvej756aup90sakum2jic.jpg\" alt=\"TecnoMadera03\" \/><\/figure><\/div><div class=\"swiper-slide\" role=\"group\" aria-roledescription=\"slide\" aria-label=\"4 de 13\"><figure class=\"swiper-slide-inner\"><img decoding=\"async\" class=\"swiper-slide-image\" src=\"https:\/\/cbds.montes.upm.es\/wp-content\/uploads\/elementor\/thumbs\/TecnoMadera04-quvs76yw7zi8ln60avc20bmv4l0jijszcwy2bw15c4.jpg\" alt=\"TecnoMadera04\" \/><\/figure><\/div><div class=\"swiper-slide\" role=\"group\" aria-roledescription=\"slide\" aria-label=\"5 de 13\"><figure class=\"swiper-slide-inner\"><img decoding=\"async\" class=\"swiper-slide-image\" src=\"https:\/\/cbds.montes.upm.es\/wp-content\/uploads\/elementor\/thumbs\/TecnoMadera05-quvs77wqetjix94n5dqoktebpyvwq8wpp1ljt5zr5w.jpg\" alt=\"TecnoMadera05\" \/><\/figure><\/div><div class=\"swiper-slide\" role=\"group\" aria-roledescription=\"slide\" aria-label=\"6 de 13\"><figure class=\"swiper-slide-inner\"><img decoding=\"async\" class=\"swiper-slide-image\" src=\"https:\/\/cbds.montes.upm.es\/wp-content\/uploads\/elementor\/thumbs\/TecnoMadera06-quvs77wqetjix94n5dqoktebpyvwq8wpp1ljt5zr5w.jpg\" alt=\"TecnoMadera06\" \/><\/figure><\/div><div class=\"swiper-slide\" role=\"group\" aria-roledescription=\"slide\" aria-label=\"7 de 13\"><figure class=\"swiper-slide-inner\"><img decoding=\"async\" class=\"swiper-slide-image\" src=\"https:\/\/cbds.montes.upm.es\/wp-content\/uploads\/elementor\/thumbs\/TecnoMadera07-quvs78uklnkt8v39zw5b5b5sbcr9xy0g1691afyczo.jpg\" alt=\"TecnoMadera07\" \/><\/figure><\/div><div class=\"swiper-slide\" role=\"group\" aria-roledescription=\"slide\" aria-label=\"8 de 13\"><figure class=\"swiper-slide-inner\"><img decoding=\"async\" class=\"swiper-slide-image\" src=\"https:\/\/cbds.montes.upm.es\/wp-content\/uploads\/elementor\/thumbs\/TecnoMadera08-quvs79seshm3kh1wuejxpsx8wqmn5n46dawirpwytg.jpg\" alt=\"TecnoMadera08\" \/><\/figure><\/div><div class=\"swiper-slide\" role=\"group\" aria-roledescription=\"slide\" aria-label=\"9 de 13\"><figure class=\"swiper-slide-inner\"><img decoding=\"async\" class=\"swiper-slide-image\" src=\"https:\/\/cbds.montes.upm.es\/wp-content\/uploads\/elementor\/thumbs\/TecnoMadera10-quvs7bo365oo7oz6jfd6usg63iddl1bn1k7hq9u6h0.jpg\" alt=\"TecnoMadera10\" \/><\/figure><\/div><div class=\"swiper-slide\" role=\"group\" aria-roledescription=\"slide\" aria-label=\"10 de 13\"><figure class=\"swiper-slide-inner\"><img decoding=\"async\" class=\"swiper-slide-image\" src=\"https:\/\/cbds.montes.upm.es\/wp-content\/uploads\/elementor\/thumbs\/TecnoMadera11-quvs7clxczpyjaxtdxrtfa7mow8qsqfddouz7jssas.jpg\" alt=\"TecnoMadera11\" \/><\/figure><\/div><div class=\"swiper-slide\" role=\"group\" aria-roledescription=\"slide\" aria-label=\"11 de 13\"><figure class=\"swiper-slide-inner\"><img decoding=\"async\" class=\"swiper-slide-image\" src=\"https:\/\/cbds.montes.upm.es\/wp-content\/uploads\/elementor\/thumbs\/TecnoMadera12-quvs7clxczpyjaxtdxrtfa7mow8qsqfddouz7jssas.jpg\" alt=\"TecnoMadera12\" \/><\/figure><\/div><div class=\"swiper-slide\" role=\"group\" aria-roledescription=\"slide\" aria-label=\"12 de 13\"><figure class=\"swiper-slide-inner\"><img decoding=\"async\" class=\"swiper-slide-image\" src=\"https:\/\/cbds.montes.upm.es\/wp-content\/uploads\/elementor\/thumbs\/DSC2888-scaled-r2umodex7tkzoexku86l4pbke4wwno5ncbboalvyh0.jpg\" alt=\"_DSC2888\" \/><\/figure><\/div><div class=\"swiper-slide\" role=\"group\" aria-roledescription=\"slide\" aria-label=\"13 de 13\"><figure class=\"swiper-slide-inner\"><img decoding=\"async\" class=\"swiper-slide-image\" src=\"https:\/\/cbds.montes.upm.es\/wp-content\/uploads\/elementor\/thumbs\/PB116273-r2umoecrenma00w7oql7p730zis9vd9dofz5rvukas.jpg\" alt=\"OLYMPUS DIGITAL CAMERA\" \/><\/figure><\/div>\t\t\t<\/div>\n\t\t\t\t\t\t\t\t\t\t\t\t<div class=\"elementor-swiper-button elementor-swiper-button-prev\" role=\"button\" tabindex=\"0\">\n\t\t\t\t\t\t<i aria-hidden=\"true\" class=\"eicon-chevron-left\"><\/i>\t\t\t\t\t<\/div>\n\t\t\t\t\t<div class=\"elementor-swiper-button elementor-swiper-button-next\" role=\"button\" tabindex=\"0\">\n\t\t\t\t\t\t<i aria-hidden=\"true\" class=\"eicon-chevron-right\"><\/i>\t\t\t\t\t<\/div>\n\t\t\t\t\n\t\t\t\t\t\t\t\t\t<\/div>\n\t\t\t\t\t\t<\/div>\n\t\t\t\t<\/div>\n\t\t\t\t<div class=\"elementor-element elementor-element-90e7471 elementor-widget elementor-widget-text-editor\" data-id=\"90e7471\" data-element_type=\"widget\" data-e-type=\"widget\" data-widget_type=\"text-editor.default\">\n\t\t\t\t<div class=\"elementor-widget-container\">\n\t\t\t\t\t\t\t\t\t<p class=\"paragraph_style_3\">El laboratorio de Tecnolog\u00eda de la Madera, est\u00e1 concebido para la investigaci\u00f3n y asistencia t\u00e9cnica y control de calidad, dirigidas al sector industrial. <br \/>Lo integran seis secciones:<\/p><p class=\"paragraph_style_3\"><br \/><strong>1.- Laboratorio de carpinter\u00eda industrializada de madera.-<\/strong> En \u00e9l se ensayan, puertas, ventanas y suelos de madera, adem\u00e1s, de unidades de hueco completas (block-port).<br \/><strong>2.- Laboratorio de ensayos mec\u00e1nicos.-<\/strong> Destinados a caracterizaci\u00f3n mec\u00e1nica tanto de probetas de peque\u00f1as dimensiones y libre de defectos, como probetas de grandes dimensiones. Tambi\u00e9n se caracterizan tableros derivados de madera (contrachapados, part\u00edculas, fibras, alistonados y OSB).<br \/><strong>3.- Laboratorio de f\u00edsica de la madera.-<\/strong> Laboratorio destinado al estudio de las relaciones agua-madera, higroscopicidad y termodin\u00e1mica de la madera.<br \/><strong>4.- Laboratorio de mobiliario de madera.-<\/strong> Compuesto por dos partes diferenciadas: una destinada al control de revestimientos de superficies de trabajo (encimeras, tableros para mesas) y frentes y otro concebido a los ensayos estructurales de mobiliario.<br \/><strong>5.- Laboratorio de anatom\u00eda.-<\/strong> Laboratorio destinado a la identificaci\u00f3n macrosc\u00f3pica y microsc\u00f3pica de especies de madera.<br \/><strong>6.- Laboratorio de formaldeh\u00eddo.-<\/strong> Laboratorio destinado al an\u00e1lisis del contenido en formaldeh\u00eddo de los tableros derivados de la madera por el m\u00e9todo del perforador.<\/p>\t\t\t\t\t\t\t\t<\/div>\n\t\t\t\t<\/div>\n\t\t\t\t<div class=\"elementor-element elementor-element-41351e3 elementor-align-center elementor-widget elementor-widget-button\" data-id=\"41351e3\" data-element_type=\"widget\" data-e-type=\"widget\" data-widget_type=\"button.default\">\n\t\t\t\t<div class=\"elementor-widget-container\">\n\t\t\t\t\t\t\t\t\t<div class=\"elementor-button-wrapper\">\n\t\t\t\t\t<a class=\"elementor-button elementor-button-link elementor-size-sm\" href=\"https:\/\/cbds.montes.upm.es\/wp-content\/uploads\/2024\/10\/CAPACIDADES-CIENTIFICAS.pdf\">\n\t\t\t\t\t\t<span class=\"elementor-button-content-wrapper\">\n\t\t\t\t\t\t\t\t\t<span class=\"elementor-button-text\">VER CAPACIDADES CIENT\u00cdFICAS<\/span>\n\t\t\t\t\t<\/span>\n\t\t\t\t\t<\/a>\n\t\t\t\t<\/div>\n\t\t\t\t\t\t\t\t<\/div>\n\t\t\t\t<\/div>\n\t\t\t\t\t<\/div>\n\t\t<\/div>\n\t\t\t\t\t<\/div>\n\t\t<\/section>\n\t\t\t\t<\/div>\n\t\t","protected":false},"excerpt":{"rendered":"<p>Laboratorio de Tecnolog\u00eda de la Madera El laboratorio de Tecnolog\u00eda de la Madera, est\u00e1 concebido para la investigaci\u00f3n y asistencia t\u00e9cnica y control de calidad, dirigidas al sector industrial. Lo integran seis secciones: 1.- Laboratorio de carpinter\u00eda industrializada de madera.- En \u00e9l se ensayan, puertas, ventanas y suelos de madera, adem\u00e1s, de unidades de hueco [&hellip;]<\/p>\n","protected":false},"author":1,"featured_media":0,"parent":0,"menu_order":0,"comment_status":"closed","ping_status":"closed","template":"","meta":{"footnotes":""},"class_list":["post-568","page","type-page","status-publish","hentry"],"_links":{"self":[{"href":"https:\/\/cbds.montes.upm.es\/index.php?rest_route=\/wp\/v2\/pages\/568","targetHints":{"allow":["GET"]}}],"collection":[{"href":"https:\/\/cbds.montes.upm.es\/index.php?rest_route=\/wp\/v2\/pages"}],"about":[{"href":"https:\/\/cbds.montes.upm.es\/index.php?rest_route=\/wp\/v2\/types\/page"}],"author":[{"embeddable":true,"href":"https:\/\/cbds.montes.upm.es\/index.php?rest_route=\/wp\/v2\/users\/1"}],"replies":[{"embeddable":true,"href":"https:\/\/cbds.montes.upm.es\/index.php?rest_route=%2Fwp%2Fv2%2Fcomments&post=568"}],"version-history":[{"count":35,"href":"https:\/\/cbds.montes.upm.es\/index.php?rest_route=\/wp\/v2\/pages\/568\/revisions"}],"predecessor-version":[{"id":1812,"href":"https:\/\/cbds.montes.upm.es\/index.php?rest_route=\/wp\/v2\/pages\/568\/revisions\/1812"}],"wp:attachment":[{"href":"https:\/\/cbds.montes.upm.es\/index.php?rest_route=%2Fwp%2Fv2%2Fmedia&parent=568"}],"curies":[{"name":"wp","href":"https:\/\/api.w.org\/{rel}","templated":true}]}}