{"id":596,"date":"2023-07-09T18:10:30","date_gmt":"2023-07-09T18:10:30","guid":{"rendered":"https:\/\/cbds.montes.upm.es\/?page_id=596"},"modified":"2024-09-30T18:37:48","modified_gmt":"2024-09-30T18:37:48","slug":"inventario-y-gestion-de-recursos-naturales","status":"publish","type":"page","link":"https:\/\/cbds.montes.upm.es\/?page_id=596","title":{"rendered":"Inventario y Gesti\u00f3n de Recursos Naturales"},"content":{"rendered":"\t\t<div data-elementor-type=\"wp-page\" data-elementor-id=\"596\" class=\"elementor elementor-596\" data-elementor-post-type=\"page\">\n\t\t\t\t\t\t<section class=\"elementor-section elementor-top-section elementor-element elementor-element-2ce38958 elementor-section-boxed elementor-section-height-default elementor-section-height-default\" data-id=\"2ce38958\" data-element_type=\"section\" data-e-type=\"section\">\n\t\t\t\t\t\t<div class=\"elementor-container elementor-column-gap-default\">\n\t\t\t\t\t<div class=\"elementor-column elementor-col-100 elementor-top-column elementor-element elementor-element-11c5b53f\" data-id=\"11c5b53f\" data-element_type=\"column\" data-e-type=\"column\">\n\t\t\t<div class=\"elementor-widget-wrap elementor-element-populated\">\n\t\t\t\t\t\t<div class=\"elementor-element elementor-element-6d8da3d elementor-widget elementor-widget-heading\" data-id=\"6d8da3d\" data-element_type=\"widget\" data-e-type=\"widget\" data-widget_type=\"heading.default\">\n\t\t\t\t<div class=\"elementor-widget-container\">\n\t\t\t\t\t<h2 class=\"elementor-heading-title elementor-size-default\">Inventario y Gesti\u00f3n de Recursos Naturales<\/h2>\t\t\t\t<\/div>\n\t\t\t\t<\/div>\n\t\t\t\t<div class=\"elementor-element elementor-element-d90737e elementor-widget elementor-widget-heading\" data-id=\"d90737e\" data-element_type=\"widget\" data-e-type=\"widget\" data-widget_type=\"heading.default\">\n\t\t\t\t<div class=\"elementor-widget-container\">\n\t\t\t\t\t<h2 class=\"elementor-heading-title elementor-size-default\">GRUPOS DE INVESTIGACI\u00d3N<\/h2>\t\t\t\t<\/div>\n\t\t\t\t<\/div>\n\t\t\t\t\t<\/div>\n\t\t<\/div>\n\t\t\t\t\t<\/div>\n\t\t<\/section>\n\t\t\t\t<section class=\"elementor-section elementor-top-section elementor-element elementor-element-c9dfeee elementor-section-boxed elementor-section-height-default elementor-section-height-default\" data-id=\"c9dfeee\" data-element_type=\"section\" data-e-type=\"section\">\n\t\t\t\t\t\t<div class=\"elementor-container elementor-column-gap-default\">\n\t\t\t\t\t<div class=\"elementor-column elementor-col-100 elementor-top-column elementor-element elementor-element-28e9dd6\" data-id=\"28e9dd6\" data-element_type=\"column\" data-e-type=\"column\">\n\t\t\t<div class=\"elementor-widget-wrap elementor-element-populated\">\n\t\t\t\t\t\t<div class=\"elementor-element elementor-element-44987f8 elementor-widget elementor-widget-image-carousel\" data-id=\"44987f8\" data-element_type=\"widget\" data-e-type=\"widget\" data-settings=\"{&quot;slides_to_show&quot;:&quot;1&quot;,&quot;navigation&quot;:&quot;none&quot;,&quot;pause_on_hover&quot;:&quot;no&quot;,&quot;pause_on_interaction&quot;:&quot;no&quot;,&quot;autoplay&quot;:&quot;yes&quot;,&quot;autoplay_speed&quot;:5000,&quot;infinite&quot;:&quot;yes&quot;,&quot;effect&quot;:&quot;slide&quot;,&quot;speed&quot;:500}\" data-widget_type=\"image-carousel.default\">\n\t\t\t\t<div class=\"elementor-widget-container\">\n\t\t\t\t\t\t\t<div class=\"elementor-image-carousel-wrapper swiper\" role=\"region\" aria-roledescription=\"carousel\" aria-label=\"Carrusel de im\u00e1genes\" dir=\"ltr\">\n\t\t\t<div class=\"elementor-image-carousel swiper-wrapper\" aria-live=\"off\">\n\t\t\t\t\t\t\t\t<div class=\"swiper-slide\" role=\"group\" aria-roledescription=\"slide\" aria-label=\"1 de 3\"><figure class=\"swiper-slide-inner\"><img decoding=\"async\" class=\"swiper-slide-image\" src=\"https:\/\/cbds.montes.upm.es\/wp-content\/uploads\/elementor\/thumbs\/Foto3_GI_IGNR-qqsy1bh2g87xy3wlfq4lwz6qimaaluzkmwllqgy7ow.jpg\" alt=\"Foto3_GI_IGNR\" \/><\/figure><\/div><div class=\"swiper-slide\" role=\"group\" aria-roledescription=\"slide\" aria-label=\"2 de 3\"><figure class=\"swiper-slide-inner\"><img decoding=\"async\" class=\"swiper-slide-image\" src=\"https:\/\/cbds.montes.upm.es\/wp-content\/uploads\/elementor\/thumbs\/Foto1_GI_IGNR-qqsy0n19ijahk8w3efkb45cr2lmr1qajvjmz99yg6o.jpg\" alt=\"Foto1_GI_IGNR\" \/><\/figure><\/div><div class=\"swiper-slide\" role=\"group\" aria-roledescription=\"slide\" aria-label=\"3 de 3\"><figure class=\"swiper-slide-inner\"><img decoding=\"async\" class=\"swiper-slide-image\" src=\"https:\/\/cbds.montes.upm.es\/wp-content\/uploads\/elementor\/thumbs\/Foto2_GI_IGNR-qqsy0ybbsjpxfkfpkkfty2ia7835m3jbx3gt0lhq40.jpg\" alt=\"Foto2_GI_IGNR\" \/><\/figure><\/div>\t\t\t<\/div>\n\t\t\t\t\t\t\t\n\t\t\t\t\t\t\t\t\t<\/div>\n\t\t\t\t\t\t<\/div>\n\t\t\t\t<\/div>\n\t\t\t\t<div class=\"elementor-element elementor-element-a3f0aad elementor-icon-list--layout-inline elementor-align-center elementor-list-item-link-full_width elementor-widget elementor-widget-icon-list\" data-id=\"a3f0aad\" data-element_type=\"widget\" data-e-type=\"widget\" data-widget_type=\"icon-list.default\">\n\t\t\t\t<div class=\"elementor-widget-container\">\n\t\t\t\t\t\t\t<ul class=\"elementor-icon-list-items elementor-inline-items\">\n\t\t\t\t\t\t\t<li class=\"elementor-icon-list-item elementor-inline-item\">\n\t\t\t\t\t\t\t\t\t\t\t<span class=\"elementor-icon-list-icon\">\n\t\t\t\t\t\t\t<i aria-hidden=\"true\" class=\"fas fa-user-tie\"><\/i>\t\t\t\t\t\t<\/span>\n\t\t\t\t\t\t\t\t\t\t<span class=\"elementor-icon-list-text\"><b>Representante del CBDS:<\/b> Sonia Cond\u00e9s Ruiz<\/span>\n\t\t\t\t\t\t\t\t\t<\/li>\n\t\t\t\t\t\t\t\t<li class=\"elementor-icon-list-item elementor-inline-item\">\n\t\t\t\t\t\t\t\t\t\t\t<a href=\"https:\/\/www.upm.es\/observatorio\/vi\/index.jsp?pageac=grupo.jsp&#038;idGrupo=153\" target=\"_blank\">\n\n\t\t\t\t\t\t\t\t\t\t\t\t<span class=\"elementor-icon-list-icon\">\n\t\t\t\t\t\t\t<i aria-hidden=\"true\" class=\"fas fa-globe\"><\/i>\t\t\t\t\t\t<\/span>\n\t\t\t\t\t\t\t\t\t\t<span class=\"elementor-icon-list-text\">Visita su web UPM<\/span>\n\t\t\t\t\t\t\t\t\t\t\t<\/a>\n\t\t\t\t\t\t\t\t\t<\/li>\n\t\t\t\t\t\t\t\t<li class=\"elementor-icon-list-item elementor-inline-item\">\n\t\t\t\t\t\t\t\t\t\t\t<span class=\"elementor-icon-list-icon\">\n\t\t\t\t\t\t\t<i aria-hidden=\"true\" class=\"fas fa-file-pdf\"><\/i>\t\t\t\t\t\t<\/span>\n\t\t\t\t\t\t\t\t\t\t<span class=\"elementor-icon-list-text\">Presentaci\u00f3n del G.I.<\/span>\n\t\t\t\t\t\t\t\t\t<\/li>\n\t\t\t\t\t\t<\/ul>\n\t\t\t\t\t\t<\/div>\n\t\t\t\t<\/div>\n\t\t\t\t<section class=\"elementor-section elementor-inner-section elementor-element elementor-element-6502f9ec elementor-section-boxed elementor-section-height-default elementor-section-height-default\" data-id=\"6502f9ec\" data-element_type=\"section\" data-e-type=\"section\">\n\t\t\t\t\t\t<div class=\"elementor-container elementor-column-gap-default\">\n\t\t\t\t\t<div class=\"elementor-column elementor-col-100 elementor-inner-column elementor-element elementor-element-508a998b\" data-id=\"508a998b\" data-element_type=\"column\" data-e-type=\"column\" data-settings=\"{&quot;background_background&quot;:&quot;classic&quot;}\">\n\t\t\t<div class=\"elementor-widget-wrap elementor-element-populated\">\n\t\t\t\t\t\t<div class=\"elementor-element elementor-element-2801e7b2 elementor-widget elementor-widget-heading\" data-id=\"2801e7b2\" data-element_type=\"widget\" data-e-type=\"widget\" data-widget_type=\"heading.default\">\n\t\t\t\t<div class=\"elementor-widget-container\">\n\t\t\t\t\t<h2 class=\"elementor-heading-title elementor-size-default\">DESCRIPCI\u00d3N<\/h2>\t\t\t\t<\/div>\n\t\t\t\t<\/div>\n\t\t\t\t\t<\/div>\n\t\t<\/div>\n\t\t\t\t\t<\/div>\n\t\t<\/section>\n\t\t\t\t<section class=\"elementor-section elementor-inner-section elementor-element elementor-element-76582eab elementor-section-boxed elementor-section-height-default elementor-section-height-default\" data-id=\"76582eab\" data-element_type=\"section\" data-e-type=\"section\">\n\t\t\t\t\t\t<div class=\"elementor-container elementor-column-gap-default\">\n\t\t\t\t\t<div class=\"elementor-column elementor-col-100 elementor-inner-column elementor-element elementor-element-2844f60f\" data-id=\"2844f60f\" data-element_type=\"column\" data-e-type=\"column\">\n\t\t\t<div class=\"elementor-widget-wrap elementor-element-populated\">\n\t\t\t\t\t\t<div class=\"elementor-element elementor-element-7501d30 elementor-widget elementor-widget-text-editor\" data-id=\"7501d30\" data-element_type=\"widget\" data-e-type=\"widget\" data-widget_type=\"text-editor.default\">\n\t\t\t\t<div class=\"elementor-widget-container\">\n\t\t\t\t\t\t\t\t\t<p>Somos un peque\u00f1o grupo formado por nueve personas entre investigadores y personal de administraci\u00f3n, que trabajamos en el \u00e1rea de la gesti\u00f3n forestal y ambiental. Nuestro personal est\u00e1 vinculado a la ETS de Ingenier\u00eda de Montes, Forestal y del Medio Natural, en frecuente colaboraci\u00f3n con otros centros de investigaci\u00f3n como INIA(CSIC).En la actualidad nuestras l\u00edneas se est\u00e1n desarrollando en tres \u00e1reas principales: a) la gesti\u00f3n del monte para la prevenci\u00f3n de los incendios forestales y los tratamientos post-incendio, b) el estudio de costes y rendimientos en los trabajos forestales y c) el an\u00e1lisis de la influencia del clima en la producci\u00f3n y din\u00e1mica de las masas forestales.<\/p>\t\t\t\t\t\t\t\t<\/div>\n\t\t\t\t<\/div>\n\t\t\t\t\t<\/div>\n\t\t<\/div>\n\t\t\t\t\t<\/div>\n\t\t<\/section>\n\t\t\t\t<section class=\"elementor-section elementor-inner-section elementor-element elementor-element-e428d81 elementor-section-boxed elementor-section-height-default elementor-section-height-default\" data-id=\"e428d81\" data-element_type=\"section\" data-e-type=\"section\">\n\t\t\t\t\t\t<div class=\"elementor-container elementor-column-gap-default\">\n\t\t\t\t\t<div class=\"elementor-column elementor-col-100 elementor-inner-column elementor-element elementor-element-4b2b74b\" data-id=\"4b2b74b\" data-element_type=\"column\" data-e-type=\"column\" data-settings=\"{&quot;background_background&quot;:&quot;classic&quot;}\">\n\t\t\t<div class=\"elementor-widget-wrap elementor-element-populated\">\n\t\t\t\t\t\t<div class=\"elementor-element elementor-element-2b830d0 elementor-widget elementor-widget-heading\" data-id=\"2b830d0\" data-element_type=\"widget\" data-e-type=\"widget\" data-widget_type=\"heading.default\">\n\t\t\t\t<div class=\"elementor-widget-container\">\n\t\t\t\t\t<h2 class=\"elementor-heading-title elementor-size-default\">INTEGRANTES<\/h2>\t\t\t\t<\/div>\n\t\t\t\t<\/div>\n\t\t\t\t\t<\/div>\n\t\t<\/div>\n\t\t\t\t\t<\/div>\n\t\t<\/section>\n\t\t\t\t<section class=\"elementor-section elementor-inner-section elementor-element elementor-element-793e6f5 elementor-section-boxed elementor-section-height-default elementor-section-height-default\" data-id=\"793e6f5\" data-element_type=\"section\" data-e-type=\"section\">\n\t\t\t\t\t\t<div class=\"elementor-container elementor-column-gap-default\">\n\t\t\t\t\t<div class=\"elementor-column elementor-col-100 elementor-inner-column elementor-element elementor-element-31f7323\" data-id=\"31f7323\" data-element_type=\"column\" data-e-type=\"column\">\n\t\t\t<div class=\"elementor-widget-wrap elementor-element-populated\">\n\t\t\t\t\t\t<div class=\"elementor-element elementor-element-d4df191 elementor-widget elementor-widget-text-editor\" data-id=\"d4df191\" data-element_type=\"widget\" data-e-type=\"widget\" data-widget_type=\"text-editor.default\">\n\t\t\t\t<div class=\"elementor-widget-container\">\n\t\t\t\t\t\t\t\t\t<ul><li>Aguirre Arnaiz, Ana<\/li><li>Ambrosio, Yolanda<\/li><li>Condes Ruiz, Sonia<\/li><li>Garc\u00eda Robredo, Fernando<\/li><li>Godino Garc\u00eda, Miguel<\/li><li>Gonz\u00e1lez Romero, Javier<\/li><li>Hern\u00e1ndez S\u00e1nchez, David<\/li><li>Laina Rela\u00f1o, Rub\u00e9n<\/li><\/ul>\t\t\t\t\t\t\t\t<\/div>\n\t\t\t\t<\/div>\n\t\t\t\t\t<\/div>\n\t\t<\/div>\n\t\t\t\t\t<\/div>\n\t\t<\/section>\n\t\t\t\t<section class=\"elementor-section elementor-inner-section elementor-element elementor-element-7679e37 elementor-section-boxed elementor-section-height-default elementor-section-height-default\" data-id=\"7679e37\" data-element_type=\"section\" data-e-type=\"section\">\n\t\t\t\t\t\t<div class=\"elementor-container elementor-column-gap-default\">\n\t\t\t\t\t<div class=\"elementor-column elementor-col-100 elementor-inner-column elementor-element elementor-element-657fde5\" data-id=\"657fde5\" data-element_type=\"column\" data-e-type=\"column\" data-settings=\"{&quot;background_background&quot;:&quot;classic&quot;}\">\n\t\t\t<div class=\"elementor-widget-wrap elementor-element-populated\">\n\t\t\t\t\t\t<div class=\"elementor-element elementor-element-306bc24 elementor-widget elementor-widget-heading\" data-id=\"306bc24\" data-element_type=\"widget\" data-e-type=\"widget\" data-widget_type=\"heading.default\">\n\t\t\t\t<div class=\"elementor-widget-container\">\n\t\t\t\t\t<h2 class=\"elementor-heading-title elementor-size-default\">L\u00cdNEAS DE INVESTIGACI\u00d3N<\/h2>\t\t\t\t<\/div>\n\t\t\t\t<\/div>\n\t\t\t\t\t<\/div>\n\t\t<\/div>\n\t\t\t\t\t<\/div>\n\t\t<\/section>\n\t\t\t\t<section class=\"elementor-section elementor-inner-section elementor-element elementor-element-7e8a756 elementor-section-boxed elementor-section-height-default elementor-section-height-default\" data-id=\"7e8a756\" data-element_type=\"section\" data-e-type=\"section\">\n\t\t\t\t\t\t<div class=\"elementor-container elementor-column-gap-default\">\n\t\t\t\t\t<div class=\"elementor-column elementor-col-100 elementor-inner-column elementor-element elementor-element-d4915aa\" data-id=\"d4915aa\" data-element_type=\"column\" data-e-type=\"column\">\n\t\t\t<div class=\"elementor-widget-wrap elementor-element-populated\">\n\t\t\t\t\t\t<div class=\"elementor-element elementor-element-8a1bd24 elementor-widget elementor-widget-text-editor\" data-id=\"8a1bd24\" data-element_type=\"widget\" data-e-type=\"widget\" data-widget_type=\"text-editor.default\">\n\t\t\t\t<div class=\"elementor-widget-container\">\n\t\t\t\t\t\t\t\t\t<ol><li>Incendios Forestales: Tratamientos preventivos y post-incendio.<\/li><li>Tecnolog\u00eda de los productos forestales.<\/li><li>Aprovechamientos forestales: An\u00e1lisis de rendimientos, costes y efectos ambientales de las operaciones forestales.<\/li><li>Gesti\u00f3n forestal sostenible.<\/li><li>Inventario Forestal. Modelizaci\u00f3n de la din\u00e1mica de masas forestales<\/li><\/ol>\t\t\t\t\t\t\t\t<\/div>\n\t\t\t\t<\/div>\n\t\t\t\t\t<\/div>\n\t\t<\/div>\n\t\t\t\t\t<\/div>\n\t\t<\/section>\n\t\t\t\t<section class=\"elementor-section elementor-inner-section elementor-element elementor-element-a5bbc8a elementor-section-boxed elementor-section-height-default elementor-section-height-default\" data-id=\"a5bbc8a\" data-element_type=\"section\" data-e-type=\"section\">\n\t\t\t\t\t\t<div class=\"elementor-container elementor-column-gap-default\">\n\t\t\t\t\t<div class=\"elementor-column elementor-col-100 elementor-inner-column elementor-element elementor-element-3f0bc9c\" data-id=\"3f0bc9c\" data-element_type=\"column\" data-e-type=\"column\" data-settings=\"{&quot;background_background&quot;:&quot;classic&quot;}\">\n\t\t\t<div class=\"elementor-widget-wrap elementor-element-populated\">\n\t\t\t\t\t\t<div class=\"elementor-element elementor-element-92b6361 elementor-widget elementor-widget-heading\" data-id=\"92b6361\" data-element_type=\"widget\" data-e-type=\"widget\" data-widget_type=\"heading.default\">\n\t\t\t\t<div class=\"elementor-widget-container\">\n\t\t\t\t\t<h2 class=\"elementor-heading-title elementor-size-default\">Art\u00edculos relacionados<\/h2>\t\t\t\t<\/div>\n\t\t\t\t<\/div>\n\t\t\t\t\t<\/div>\n\t\t<\/div>\n\t\t\t\t\t<\/div>\n\t\t<\/section>\n\t\t\t\t<section class=\"elementor-section elementor-inner-section elementor-element elementor-element-e4e0026 elementor-section-boxed elementor-section-height-default elementor-section-height-default\" data-id=\"e4e0026\" data-element_type=\"section\" data-e-type=\"section\">\n\t\t\t\t\t\t<div class=\"elementor-container elementor-column-gap-default\">\n\t\t\t\t\t<div class=\"elementor-column elementor-col-100 elementor-inner-column elementor-element elementor-element-b6dbce2\" data-id=\"b6dbce2\" data-element_type=\"column\" data-e-type=\"column\">\n\t\t\t<div class=\"elementor-widget-wrap elementor-element-populated\">\n\t\t\t\t\t\t<div class=\"elementor-element elementor-element-825981a elementor-widget elementor-widget-text-editor\" data-id=\"825981a\" data-element_type=\"widget\" data-e-type=\"widget\" data-widget_type=\"text-editor.default\">\n\t\t\t\t<div class=\"elementor-widget-container\">\n\t\t\t\t\t\t\t\t\t<ol><li>Operational and Environmental Comparison of Two Felling and Piling Alternatives for Whole Tree Harvesting in Quercus Coppices for Bioenergy Use. Eduardo Tolosana, Rub\u00e9n Laina, Raffaele Spinelli, Giovanni Aminti, Ignacio L\u00f3pez-Vicens. <em>Croatian Journal of Forest Engineer<\/em>. (2023). <a href=\"https:\/\/doi.org\/10.5552\/crojfe.2023.1522\">https:\/\/doi.org\/10.5552\/crojfe.2023.1522<\/a><\/li><li>Temperature effect on size distributions in spruce-fir-beech mixed stands across Europe. Cond\u00e9s, S., del R\u00edo, M., Forrester, D. I., Avdagi\u0107, A., Bielak, K., Bon\u010dina, A., &#8230; &amp; Pretzsch, H. <em>Forest Ecology and Management<\/em>, 504. (2022). <a href=\"https:\/\/doi.org\/10.1016\/j.foreco.2021.119819\">https:\/\/doi.org\/10.1016\/j.foreco.2021.119819<\/a><\/li><li>Mapping forest site quality at national level. Ana Aguirre, Daniel Moreno-Fern\u00e1ndez, Iciar Alberdi, Laura Hern\u00e1ndez, Patricia Adame, Isabel Ca\u00f1ellas, Fernando Montes. <em>Forest Ecology and Management<\/em> (2022). <a href=\"https:\/\/doi.org\/10.1016\/j.foreco.2022.120043\">https:\/\/doi.org\/10.1016\/j.foreco.2022.120043<\/a><\/li><li>Post-fire management effects on hillslope-stream sediment connectivity in a Mediterranean forest ecosystem. Gonz\u00e1lez-Romero, J., L\u00f3pez-Vicente, M., G\u00f3mez-S\u00e1nchez, \u2026, J., Lucas-Borja, M.E. <em>Journal of Environmental Management<\/em>. 316, 115-212. (2022). <a href=\"https:\/\/doi.org\/10.1016\/j.jenvman.2022.115212\">https:\/\/doi.org\/10.1016\/j.jenvman.2022.115212<\/a><\/li><li>Forest Biomass Collection from Systematic Mulching on Post-Fire Pine Regeneration with BioBaler WB55: Productivity, Cost and Comparison with a Conventional Treatment. Eduardo Tolosana; Raquel Bados; Rub\u00e9n Laina; Narcis M. Bacescu; Teresa de la Fuente. <em>Forests<\/em>. 12(8)-979. (2021). <a href=\"https:\/\/doi.org\/10.3390\/f12080979\">https:\/\/doi.org\/10.3390\/f12080979<\/a><\/li><\/ol>\t\t\t\t\t\t\t\t<\/div>\n\t\t\t\t<\/div>\n\t\t\t\t\t<\/div>\n\t\t<\/div>\n\t\t\t\t\t<\/div>\n\t\t<\/section>\n\t\t\t\t\t<\/div>\n\t\t<\/div>\n\t\t\t\t\t<\/div>\n\t\t<\/section>\n\t\t\t\t<\/div>\n\t\t","protected":false},"excerpt":{"rendered":"<p>Inventario y Gesti\u00f3n de Recursos Naturales GRUPOS DE INVESTIGACI\u00d3N Representante del CBDS: Sonia Cond\u00e9s Ruiz Visita su web UPM Presentaci\u00f3n del G.I. DESCRIPCI\u00d3N Somos un peque\u00f1o grupo formado por nueve personas entre investigadores y personal de administraci\u00f3n, que trabajamos en el \u00e1rea de la gesti\u00f3n forestal y ambiental. Nuestro personal est\u00e1 vinculado a la ETS [&hellip;]<\/p>\n","protected":false},"author":1,"featured_media":0,"parent":0,"menu_order":0,"comment_status":"closed","ping_status":"closed","template":"","meta":{"footnotes":""},"class_list":["post-596","page","type-page","status-publish","hentry"],"_links":{"self":[{"href":"https:\/\/cbds.montes.upm.es\/index.php?rest_route=\/wp\/v2\/pages\/596","targetHints":{"allow":["GET"]}}],"collection":[{"href":"https:\/\/cbds.montes.upm.es\/index.php?rest_route=\/wp\/v2\/pages"}],"about":[{"href":"https:\/\/cbds.montes.upm.es\/index.php?rest_route=\/wp\/v2\/types\/page"}],"author":[{"embeddable":true,"href":"https:\/\/cbds.montes.upm.es\/index.php?rest_route=\/wp\/v2\/users\/1"}],"replies":[{"embeddable":true,"href":"https:\/\/cbds.montes.upm.es\/index.php?rest_route=%2Fwp%2Fv2%2Fcomments&post=596"}],"version-history":[{"count":13,"href":"https:\/\/cbds.montes.upm.es\/index.php?rest_route=\/wp\/v2\/pages\/596\/revisions"}],"predecessor-version":[{"id":1254,"href":"https:\/\/cbds.montes.upm.es\/index.php?rest_route=\/wp\/v2\/pages\/596\/revisions\/1254"}],"wp:attachment":[{"href":"https:\/\/cbds.montes.upm.es\/index.php?rest_route=%2Fwp%2Fv2%2Fmedia&parent=596"}],"curies":[{"name":"wp","href":"https:\/\/api.w.org\/{rel}","templated":true}]}}